{"id":13021,"date":"2017-10-21T20:56:07","date_gmt":"2017-10-22T02:56:07","guid":{"rendered":"http:\/\/iglesiaortodoxa.org.mx\/informacion\/?page_id=13021"},"modified":"2024-02-29T17:01:35","modified_gmt":"2024-02-29T23:01:35","slug":"el-patriarca-de-antioquia","status":"publish","type":"page","link":"https:\/\/iglesiaortodoxa.org.mx\/informacion\/patriarcado-de-antioquia\/el-patriarca-de-antioquia\/","title":{"rendered":"Juan X Patriarca de Antioqu\u00eda"},"content":{"rendered":"<p style=\"text-align: center;\"><span style=\"color: #993300;\"><strong>Su Beatitud Juan X\u00a0Patriarca de Antioqu\u00eda y todo el Oriente <\/strong><\/span><\/p>\n<p style=\"text-align: center;\"><a href=\"http:\/\/iglesiaortodoxa.org.mx\/informacion\/wp-content\/uploads\/\/a334b0399003f11069daf227758d5607.jpg\" data-rel=\"lightbox-image-0\" data-rl_title=\"\" data-rl_caption=\"\"> <img loading=\"lazy\" class=\"aligncenter wp-image-7662\" title=\"\" src=\"http:\/\/iglesiaortodoxa.org.mx\/informacion\/wp-content\/uploads\/\/a334b0399003f11069daf227758d5607.jpg\" alt=\"\" width=\"325\" height=\"400\" \/><\/a><\/p>\n<p style=\"text-align: center;\"><span style=\"color: #993300;\"><strong>Informaci\u00f3n Personal<\/strong><\/span><\/p>\n<p style=\"text-align: justify;\">Su Beatitud Juan X naci\u00f3 en la ciudad de Latakia, Siria, en el a\u00f1o de 1955.\u00a0\u00a0Fue educado en el seno de una familia conocida por su cultura, su virtud y su fe. Su padre Manah Yazigi\u00a0 era originario de\u00a0 Siria, fue profesor de \u00e1rabe y poeta. Su madre, Rozah Moussi, fue de origen Liban\u00e9s.\u00a0 Su Beatitud tiene tres hermanos, de los cuales uno es Metropolita y otra, Monja.<\/p>\n<p style=\"text-align: center;\"><span style=\"color: #993300;\"><strong>Formaci\u00f3n Acad\u00e9mica<\/strong><\/span><\/p>\n<p style=\"text-align: justify;\">Su Beatitud asisti\u00f3 a la escuela en Latakia.\u00a0 Se inscribi\u00f3 en el \u00a0Departamento de Ingenier\u00eda Civil de la Universidad de Techrin, en Latakia.\u00a0Ha estudiado m\u00fasica religiosa y se destac\u00f3 en ella, formando coros y entren\u00e1ndolos en cantos tradicionales de la Iglesia.\u00a0Es un l\u00edder notable con los\u00a0 j\u00f3venes y ha trabajado con ellos en diversos programas sociales y espirituales.<\/p>\n<p>Recibi\u00f3 el grado de Bachiller en Teolog\u00eda en Teolog\u00eda del Instituto Teol\u00f3gico San Juan Damasceno de Balamand en el a\u00f1o de 1978. Despu\u00e9s\u00a0estudi\u00f3 en la Universidad de Tesal\u00f3nica en Grecia\u00a0\u00a0\u00a0y recibi\u00f3 el grado de Doctor en Teolog\u00eda con distinci\u00f3n en el a\u00f1o 1983.<\/p>\n<p>Su\u00a0 tesis doctoral, fue publicada en griego\u00a0 y lleva el t\u00edtulo &#8220;El servicio del Santo Bautismo: un estudio hist\u00f3rico, teol\u00f3gico y lit\u00fargico&#8221;. Mientras estuvo en Grecia, tambi\u00e9n estudi\u00f3 m\u00fasica eclesi\u00e1stica y recibi\u00f3 un Diploma del Instituto Superior de M\u00fasica Bizantina de Tesal\u00f3nica.<\/p>\n<p style=\"text-align: center;\"><span style=\"color: #993300;\"><strong>Carrera Eclesi\u00e1stica<\/strong><\/span><\/p>\n<p style=\"text-align: justify;\">Su Beatitud fue ordenado di\u00e1cono en el a\u00f1o de 1979\u00a0 y luego\u00a0 sacerdote en el a\u00f1o de 1983 en la Arquidi\u00f3cesis de Latakia por su Eminencia el Metropolita Youhanna Mansour.<\/p>\n<p>Desde el a\u00f1o 1981, Su Beatitud imparti\u00f3 cursos de liturgia en el Instituto Teol\u00f3gico San Juan Damasceno. A su debido tiempo\u00a0 fue nombrado Decano\u00a0 del Instituto de Teolog\u00eda de la Universidad de Balamand, su primer nombramiento fue de\u00a0 1988 a 1991, y el segundo\u00a0 de 2001 a 2005. Adem\u00e1s, se desempe\u00f1\u00f3 como Abad en el Monasterio Patriarcal de Nuestra Se\u00f1ora de Balamand de del a\u00f1o 2001 al 2005. Se desempe\u00f1\u00f3 como Abad del Monasterio Patriarcal de San Jorge Al Humayrah en Wadi Al-Nadarah, Siria, de 1993 a 2005. Fund\u00f3 una comunidad mon\u00e1stica all\u00ed y estableci\u00f3 una Escuela de Estudios Eclesi\u00e1sticos que sirve al Patriarcado como todo.\u00a0Adem\u00e1s, particip\u00f3 en la fundaci\u00f3n del Convento de Nuestra Se\u00f1ora de Blemmena en Tartous, Siria.<\/p>\n<p>Su \u00a0Beatitud fue elegido por el Santo\u00a0 S\u00ednodo de Antioqu\u00eda de Al Husun, Wadi Al-Nadarah en la Arquidi\u00f3cesis de Akkar en el a\u00f1o 1995. Ocup\u00f3 este cargo hasta 2008, cuando el Santo S\u00ednodo lo eligi\u00f3 como Metropolita de la Arquidi\u00f3cesis de Europa.\u00a0Adem\u00e1s de su trabajo dentro de la Iglesia Ortodoxa, Su Beatitud tambi\u00e9n jug\u00f3 un papel importante fuera de la Iglesia, especialmente asistiendo a seminarios religiosos y conferencias internacionales.<\/p>\n<p>Su Beatitud es famoso por la claridad de sus puntos de vista y su estricta adhesi\u00f3n a todo lo que es verdadero y justo en las relaciones humanas.\u00a0Se ha destacado por reunir a las personas, a trav\u00e9s del di\u00e1logo y los enfoques conciliadores con personas con diferentes puntos de vista.\u00a0Es conocido por su compasi\u00f3n, amabilidad, generosidad, preocupaci\u00f3n social y, por \u00faltimo pero no por ello menos importante, tiene una gran\u00a0 disposici\u00f3n para escuchar y ofrecer ayuda.<\/p>\n<p>A\u00a0donde su bienaventuranza ha servido, \u00e9l ha tra\u00eddo avivamiento, despertando a los j\u00f3venes y llam\u00e1ndolos al servicio tanto de la iglesia como de la sociedad.\u00a0\u00c9l es particularmente conocido por su sabidur\u00eda en la gesti\u00f3n de instituciones y la direcci\u00f3n de asuntos de la iglesia.\u00a0\u00c9l ha jugado un papel crucial en el fomento de las vocaciones al ministerio ordenado, manteniendo el liderazgo en este sentido.<\/p>\n<p style=\"text-align: center;\"><span style=\"color: #993300;\"><strong>Elecci\u00f3n Patriarcal<\/strong><\/span><\/p>\n<p style=\"text-align: justify;\">Su Beatitud Juan X tras la muerte de Su Beatitud Ignacio<img loading=\"lazy\" class=\"size-medium wp-image-13030 alignleft\" src=\"http:\/\/iglesiaortodoxa.org.mx\/informacion\/wp-content\/uploads\/\/image-1-300x140.jpg\" alt=\"\" width=\"300\" height=\"140\" srcset=\"https:\/\/iglesiaortodoxa.org.mx\/informacion\/wp-content\/uploads\/image-1-300x140.jpg 300w, https:\/\/iglesiaortodoxa.org.mx\/informacion\/wp-content\/uploads\/image-1-175x82.jpg 175w, https:\/\/iglesiaortodoxa.org.mx\/informacion\/wp-content\/uploads\/image-1-768x358.jpg 768w, https:\/\/iglesiaortodoxa.org.mx\/informacion\/wp-content\/uploads\/image-1.jpg 1000w\" sizes=\"(max-width: 300px) 100vw, 300px\" \/>\u00a0IV fue elegido patriarca el 17 de diciembre de 2012 , en la reuni\u00f3n extraordinaria del Santo S\u00ednodo de Antioqu\u00eda realizada en el Monasterio Patriarcal de Nuestra Se\u00f1ora de Balamand. La Entronizaci\u00f3n del Patriarca tuvo lugar en Damasco el 10 de febrero de 2013.\u00a0\u00a0En su homil\u00eda hizo hincapi\u00e9 en su rechazo de toda interferencia occidental en la insurgencia armada en Siria y su\u00a0conflicto civil, as\u00ed como su intenci\u00f3n de promover la coexistencia pac\u00edfica con los musulmanes y otros sirios.<\/p>\n<p style=\"text-align: center;\"><span style=\"color: #993300;\"><strong>Publicaciones<\/strong><\/span><\/p>\n<p style=\"text-align: justify;\">Su Beatitud El patriarca Juan X es autor de libros sobre teolog\u00eda, educaci\u00f3n, m\u00fasica y liturgia.\u00a0Sobre el \u00faltimo tema, ha publicado una serie de estudios lit\u00fargicos.\u00a0Ha editado m\u00e1s manuales lit\u00fargicos de la Iglesia ortodoxa en \u00e1rabe y, espec\u00edficamente, obras lit\u00fargicas pertinentes a los arzobispos, sacerdotes y di\u00e1conos.\u00a0Adem\u00e1s, ha traducido y escrito muchos art\u00edculos y dado muchas conferencias en universidades, institutos y parroquias.<\/p>\n<p style=\"text-align: center;\"><span style=\"color: #993300;\"><strong>Libros Publicados<\/strong><\/span><\/p>\n<p style=\"text-align: justify;\">&#8211; El servicio del Santo Bautismo: un estudio hist\u00f3rico, teol\u00f3gico y lit\u00fargico,<br \/>\nThessalonica, 1983 [Griego] (Tesis de doctorado).<br \/>\n&#8211; Los principios de la m\u00fasica bizantina, Balamand, 1990, Segunda edici\u00f3n 2001.<br \/>\n&#8211; La vida de San Nectario el Trabajador de maravillas, Lattakya, 1990.<br \/>\n&#8211; El sacerdocio y el matrimonio de sacerdotes, Lattakya, 1992.<br \/>\n&#8211; El bautismo como un sacramento de iniciaci\u00f3n en el Vida en Cristo, Lattakya, 1992.<br \/>\n&#8211; Liturgikon, Monasterio Patriarcal San Jorge Al-Humayrah, 2001,<br \/>\nSegunda edici\u00f3n 2005.<br \/>\n&#8211; La Divina Liturgia de San Juan Cris\u00f3stomo, Monasterio Patriarcal Al-Humayrah, 2001.<br \/>\n&#8211; El Archieratikon, Nuestro Convento de la Se\u00f1ora de Blemana, 2007.<br \/>\n&#8211; El Libro de Servicio del Di\u00e1cono, Convento de Nuestra Se\u00f1ora de Blemanna, 2007.<br \/>\n&#8211; El Servicio de Consagraci\u00f3n de la Iglesia, Archidi\u00f3cesis Griega Ortodoxa de Europa, 2011.<\/p>\n<p style=\"text-align: center;\"><span style=\"color: #993300;\"><strong>La serie de estudios lit\u00fargicos (seis vol\u00famenes):<\/strong><\/span><\/p>\n<p style=\"text-align: justify;\">&#8211; Introducci\u00f3n a las Familias y Ritos Lit\u00fargicos, Instituto de Teolog\u00eda San Juan de Damasco, 2003.<br \/>\n&#8211; El Servicio de Compromiso y Matrimonio: Pasado y Presente, Instituto de Teolog\u00eda San Juan de Damasco, Universidad de Balamand, 2003.<br \/>\n&#8211; Gu\u00eda Lit\u00fargica de Servicios y Oraciones, Instituto de Teolog\u00eda San Juan de Damasco, Universidad de Balamand, 2005.<br \/>\n&#8211; Fuentes Lit\u00fargicas, Instituto de Teolog\u00eda San Juan de Damasco, Universidad de Balamand, 2005.<br \/>\n&#8211; Alabanzas de la Iglesia, Archidi\u00f3cesis de Akkar, Di\u00f3cesis de Pyrgou, Marmarita, 2006. W<br \/>\nCulto Divino, (Historia, Desarrollo y Caracter\u00edsticas), Archidi\u00f3cesis de Akkar, Di\u00f3cesis de Pyrgou, Marmarita, 2007.<\/p>\n<p style=\"text-align: center;\"><span style=\"color: #993300;\"><strong>Traducciones Realizadas:<\/strong><\/span><\/p>\n<p style=\"text-align: justify;\">&#8211; La vida de Nuestra Santa Madre Recta Makrina, por San Gregorio de Nyssa, An-Nour Publications, 1984.<br \/>\n&#8211; Para Aquellos que creen en la Justificaci\u00f3n por las Obras, por San Marcos el Monje, en Cap\u00edtulos en Oraciones y Vida Espiritual, An -Nour, 1990.<\/p>\n<p>Fuente\u00a0<a href=\"http:\/\/www.antiochpatriarchate.org\/en\/category\/biography\/1\/\" target=\"blank\" rel=\"noopener\">http:\/\/www.antiochpatriarchate.org\/en\/category\/biography\/1\/<\/a><\/p>\n","protected":false},"excerpt":{"rendered":"<p>Su Beatitud Juan X\u00a0Patriarca de Antioqu\u00eda y todo el Oriente Informaci\u00f3n Personal Su Beatitud Juan X naci\u00f3 en la ciudad de Latakia, Siria, en el a\u00f1o de 1955.\u00a0\u00a0Fue educado en el seno de una familia conocida por su cultura, su virtud y su fe. Su padre Manah Yazigi\u00a0 era originario de\u00a0 Siria, fue profesor de [&hellip;]<\/p>\n","protected":false},"author":13,"featured_media":0,"parent":109,"menu_order":2,"comment_status":"closed","ping_status":"closed","template":"","meta":{"_bbp_topic_count":0,"_bbp_reply_count":0,"_bbp_total_topic_count":0,"_bbp_total_reply_count":0,"_bbp_voice_count":0,"_bbp_anonymous_reply_count":0,"_bbp_topic_count_hidden":0,"_bbp_reply_count_hidden":0,"_bbp_forum_subforum_count":0},"_links":{"self":[{"href":"https:\/\/iglesiaortodoxa.org.mx\/informacion\/wp-json\/wp\/v2\/pages\/13021"}],"collection":[{"href":"https:\/\/iglesiaortodoxa.org.mx\/informacion\/wp-json\/wp\/v2\/pages"}],"about":[{"href":"https:\/\/iglesiaortodoxa.org.mx\/informacion\/wp-json\/wp\/v2\/types\/page"}],"author":[{"embeddable":true,"href":"https:\/\/iglesiaortodoxa.org.mx\/informacion\/wp-json\/wp\/v2\/users\/13"}],"replies":[{"embeddable":true,"href":"https:\/\/iglesiaortodoxa.org.mx\/informacion\/wp-json\/wp\/v2\/comments?post=13021"}],"version-history":[{"count":22,"href":"https:\/\/iglesiaortodoxa.org.mx\/informacion\/wp-json\/wp\/v2\/pages\/13021\/revisions"}],"predecessor-version":[{"id":17849,"href":"https:\/\/iglesiaortodoxa.org.mx\/informacion\/wp-json\/wp\/v2\/pages\/13021\/revisions\/17849"}],"up":[{"embeddable":true,"href":"https:\/\/iglesiaortodoxa.org.mx\/informacion\/wp-json\/wp\/v2\/pages\/109"}],"wp:attachment":[{"href":"https:\/\/iglesiaortodoxa.org.mx\/informacion\/wp-json\/wp\/v2\/media?parent=13021"}],"curies":[{"name":"wp","href":"https:\/\/api.w.org\/{rel}","templated":true}]}}