{"id":8513,"date":"2013-02-25T22:14:39","date_gmt":"2013-02-26T04:14:39","guid":{"rendered":"http:\/\/www.iglesiaortodoxa.org.mx\/informacion\/?page_id=8513"},"modified":"2024-06-17T11:09:43","modified_gmt":"2024-06-17T17:09:43","slug":"merida","status":"publish","type":"page","link":"http:\/\/iglesiaortodoxa.org.mx\/informacion\/arquidiocesis\/parroquias\/mexico\/merida\/","title":{"rendered":"M\u00e9rida"},"content":{"rendered":"<p><img class=\"alignnone size-full wp-image-13315 aligncenter\" style=\"width: 500px;\" src=\"http:\/\/iglesiaortodoxa.org.mx\/informacion\/wp-content\/uploads\/\/Merida2024.jpg\" alt=\"\" data-wp-editing=\"1\" \/><\/p>\n<p style=\"text-align: center;\"><span style=\"color: #993300;\"><strong>Iglesia Cat\u00f3lica Apost\u00f3lica Ortodoxa Antioquena de Yucat\u00e1n<\/strong><\/span><\/p>\n<p style=\"text-align: justify;\">Fue el Domingo 10 de Noviembre de 1991 a las 10 de la ma\u00f1ana, cuando Su Eminencia Don Antonio Chedraoui Tanno\u00fas , Arzobispo Metropolitano de M\u00e9xico, Am\u00e9rica Central, Venezuela e Islas del Caribe, quien en la Capilla del Asilo Brunet Celarain, en una Celebraci\u00f3n de la Divina Liturgia, marcara el inicio de la MISI\u00d3N ORTODOXA ANTIOQUE\u00d1A EN LA PEN\u00cdNSULA DE YUCAT\u00c1N.<\/p>\n<p>La construcci\u00f3n de nuestra Iglesia de la Dormici\u00f3n de la Sant\u00edsima Madre de Dios se llev\u00f3 a cabo desde el a\u00f1o 1992-1994, en el terreno Donado por el Sr. Jacobo Xacur Eljure en memoria de su difunto padre \u00c1ngel Xacur Slaim\u00e9n y gracias a la generosidad de los fieles.<\/p>\n<p>El Domingo 5 de Junio de 1994, a las 10 A. M., nuestra Iglesia fue consagrada por Su Eminencia Sayedna Antonio Chedraoui Tanno\u00fas de feliz y bienaventurada memoria.<\/p>\n<p style=\"text-align: center;\"><span style=\"color: #993300;\"><strong>Iglesia de la Dormici\u00f3n de la Madre de Dios, Santa Gertrudis Cop\u00f3, M\u00e9rida.<\/strong><\/span><\/p>\n<p style=\"text-align: center;\">Calle 7 B x 18, Santa Gertrudis Cop\u00f3, M\u00e9rida, Yucat\u00e1n. C.P. 97305. M\u00e9xico Tel.\u00a0<a href=\"tel:+529999417709\">+52 (999) 941 77 09<\/a> y <a href=\"525575481999\">+52 55 75481999<\/a><\/p>\n<p style=\"text-align: center;\"><strong>P\u00e1rroco: R.P. Monje-Presb\u00edtero Jos\u00e9 Mor\u00e1n Pineda<\/strong><\/p>\n<p style=\"text-align: center;\">e-mail: <a href=\"mailto:remoranpi@gmail.com\">remoranpi@gmail.com<\/a><\/p>\n<h4 style=\"text-align: center;\">Horario Divina Liturgia<\/h4>\n<p style=\"text-align: center;\">Domingos a las 10:00 a.m.<\/p>\n","protected":false},"excerpt":{"rendered":"<p>Iglesia Cat\u00f3lica Apost\u00f3lica Ortodoxa Antioquena de Yucat\u00e1n Fue el Domingo 10 de Noviembre de 1991 a las 10 de la ma\u00f1ana, cuando Su Eminencia Don Antonio Chedraoui Tanno\u00fas , Arzobispo Metropolitano de M\u00e9xico, Am\u00e9rica Central, Venezuela e Islas del Caribe, quien en la Capilla del Asilo Brunet Celarain, en una Celebraci\u00f3n de la Divina Liturgia, [&hellip;]<\/p>\n","protected":false},"author":13,"featured_media":0,"parent":27,"menu_order":5,"comment_status":"closed","ping_status":"closed","template":"","meta":{"_bbp_topic_count":0,"_bbp_reply_count":0,"_bbp_total_topic_count":0,"_bbp_total_reply_count":0,"_bbp_voice_count":0,"_bbp_anonymous_reply_count":0,"_bbp_topic_count_hidden":0,"_bbp_reply_count_hidden":0,"_bbp_forum_subforum_count":0},"_links":{"self":[{"href":"http:\/\/iglesiaortodoxa.org.mx\/informacion\/wp-json\/wp\/v2\/pages\/8513"}],"collection":[{"href":"http:\/\/iglesiaortodoxa.org.mx\/informacion\/wp-json\/wp\/v2\/pages"}],"about":[{"href":"http:\/\/iglesiaortodoxa.org.mx\/informacion\/wp-json\/wp\/v2\/types\/page"}],"author":[{"embeddable":true,"href":"http:\/\/iglesiaortodoxa.org.mx\/informacion\/wp-json\/wp\/v2\/users\/13"}],"replies":[{"embeddable":true,"href":"http:\/\/iglesiaortodoxa.org.mx\/informacion\/wp-json\/wp\/v2\/comments?post=8513"}],"version-history":[{"count":27,"href":"http:\/\/iglesiaortodoxa.org.mx\/informacion\/wp-json\/wp\/v2\/pages\/8513\/revisions"}],"predecessor-version":[{"id":18615,"href":"http:\/\/iglesiaortodoxa.org.mx\/informacion\/wp-json\/wp\/v2\/pages\/8513\/revisions\/18615"}],"up":[{"embeddable":true,"href":"http:\/\/iglesiaortodoxa.org.mx\/informacion\/wp-json\/wp\/v2\/pages\/27"}],"wp:attachment":[{"href":"http:\/\/iglesiaortodoxa.org.mx\/informacion\/wp-json\/wp\/v2\/media?parent=8513"}],"curies":[{"name":"wp","href":"https:\/\/api.w.org\/{rel}","templated":true}]}}