{"id":35,"date":"2009-11-13T08:30:35","date_gmt":"2009-11-13T14:30:35","guid":{"rendered":"http:\/\/www.iglesiaortodoxa.org.mx\/informacion\/?page_id=35"},"modified":"2026-02-02T16:53:23","modified_gmt":"2026-02-02T22:53:23","slug":"el-clero","status":"publish","type":"page","link":"http:\/\/iglesiaortodoxa.org.mx\/informacion\/arquidiocesis\/el-clero\/","title":{"rendered":"El Clero"},"content":{"rendered":"<p style=\"text-align: center;\"><span style=\"color: #993300;\"><strong>ARZOBISPADO ORTODOXO<\/strong><\/span><\/p>\n<p><img loading=\"lazy\" class=\"aligncenter wp-image-15724 size-thumbnail\" src=\"http:\/\/iglesiaortodoxa.org.mx\/informacion\/wp-content\/uploads\/\/imagenoficialfinalpequenia-768x922-2-146x175.png\" alt=\"\" width=\"146\" height=\"175\" srcset=\"http:\/\/iglesiaortodoxa.org.mx\/informacion\/wp-content\/uploads\/imagenoficialfinalpequenia-768x922-2-146x175.png 146w, http:\/\/iglesiaortodoxa.org.mx\/informacion\/wp-content\/uploads\/imagenoficialfinalpequenia-768x922-2-250x300.png 250w, http:\/\/iglesiaortodoxa.org.mx\/informacion\/wp-content\/uploads\/imagenoficialfinalpequenia-768x922-2.png 768w\" sizes=\"(max-width: 146px) 100vw, 146px\" \/><\/p>\n<p style=\"text-align: center;\"><strong>Su Eminencia Reverend\u00edsima Metropolita Ignacio Sama\u00e1n<\/strong><\/p>\n<p style=\"text-align: center;\">Arzobispo Metropolitano de la Iglesia Ortodoxa Antioquena.<br \/>\nArquidi\u00f3cesis de M\u00e9xico, Venezuela, Centroam\u00e9rica y el Caribe.<br \/>\nDirecci\u00f3n: Pirules 110, Jardines del Pedregal, 01900, Ciudad de M\u00e9xico.<\/p>\n<p>Tel.: <a href=\"tel:+525556527772\">+52(55)5652-7772<\/a> y <a href=\"tel:+525556525433\">+52(55)5652-5433<\/a><br \/>\ne-mail: <a href=\"mailto:ortodoxia@prodigy.net.mx\">ortodoxia@prodigy.net.mx<\/a> y <a href=\"mailto:mons.ignacio@iglesiaortodoxa.org.mx\">mons.ignacio@iglesiaortodoxa.org.mx<\/a><\/p>\n<p>&nbsp;<\/p>\n<p><img loading=\"lazy\" class=\"aligncenter wp-image-15724 size-thumbnail\" src=\"http:\/\/iglesiaortodoxa.org.mx\/informacion\/wp-content\/uploads\/\/obispo_elias_toume.png\" alt=\"\" width=\"146\" height=\"175\" \/><\/p>\n<p style=\"text-align: center;\"><strong>Su Excelencia Reverend\u00edsima Obispo Elias Toume<\/strong><\/p>\n<p style=\"text-align: center;\">Obispo auxiliar de la Iglesia Ortodoxa Antioquena. Arquidi\u00f3cesis de M\u00e9xico, Venezuela, Centroam\u00e9rica y el Caribe.<br \/>\nDirecci\u00f3n: Qta. San Antonio Abad, Av. \u201cE\u201d El Pinar, El Para\u00edso, Caracas 1020, D.C., Venezuela.<br \/>\nTel <a href=\"tel:+584241513718\">+58 (424) 1513718<\/a><br \/>\ne-mail: <a href=\"mailto:bishoptoume@gmail.com\">bishoptoume@gmail.com<\/a><\/p>\n<p>&nbsp;<\/p>\n<p style=\"text-align: center;\"><span style=\"color: #993300;\"><strong>M\u00c9XICO<\/strong><\/span><\/p>\n<p>&nbsp;<\/p>\n<p style=\"text-align: center;\"><span style=\"color: #993300;\"><strong>Catedral de San Pedro y San Pablo, Estado de M\u00e9xico.<\/strong><\/span><\/p>\n<p style=\"text-align: center;\">Catedral de San Pedro y San Pablo, Fracc. Bosque Real, Lt 5, Mz.2, Huixquilucan, Edo. Mex. C.P. 52774.<br \/>\nTel. <a href=\"tel:+525591557322\">+52 (55) 9155-7322<\/a><\/p>\n<p>&nbsp;<\/p>\n<p><img class=\"aligncenter wp-image-15724 size-thumbnail\" src=\"http:\/\/iglesiaortodoxa.org.mx\/informacion\/wp-content\/uploads\/\/image4-1.jpg\" \/><\/p>\n<p style=\"text-align: center;\"><strong>Reverend\u00edsimo Archimandrita Andr\u00e9s M\u00e1rcos<\/strong><\/p>\n<p style=\"text-align: center;\">e-mail <a href=\"mailto:catedral@iglesiaortodoxa.org.mx\">catedral@iglesiaortodoxa.org.mx<\/a><\/p>\n<p>&nbsp;<\/p>\n<p><img class=\"aligncenter wp-image-15724 size-thumbnail\" src=\"http:\/\/iglesiaortodoxa.org.mx\/informacion\/wp-content\/uploads\/\/image11-1.jpg\" \/><\/p>\n<p style=\"text-align: center;\"><strong>R.P. Presb\u00edtero Emiliano D\u00edaz<\/strong><\/p>\n<p style=\"text-align: center;\">e-mail: <a href=\"mailto:padreemiliano@gmail.com\">padreemiliano@gmail.com<\/a><\/p>\n<p>&nbsp;<\/p>\n<p><img loading=\"lazy\" class=\" wp-image-17545 aligncenter\" src=\"http:\/\/iglesiaortodoxa.org.mx\/informacion\/wp-content\/uploads\/\/IMG_2272.jpg\" alt=\"\" width=\"132\" height=\"172\" \/><\/p>\n<p style=\"text-align: center;\"><strong>R.P. Presb\u00edtero Juan R. M\u00e9ndez<\/strong><\/p>\n<p style=\"text-align: center;\">Tel. +<br \/>\ne-mail: <a href=\"mailto:juan.balamand@gmail.com\">juan.balamand@gmail.com<\/a><\/p>\n<p>&nbsp;<\/p>\n<p><img loading=\"lazy\" class=\"aligncenter wp-image-15724 \" src=\"https:\/\/iglesiaortodoxa.org.mx\/informacion\/wp-content\/uploads\/R_P_Tomas_Solorio.png\" width=\"117\" height=\"155\" \/><\/p>\n<p style=\"text-align: center;\"><strong>R.P. Presb\u00edtero Tom\u00e1s Solorio Pacheco<\/strong><\/p>\n<p style=\"text-align: center;\">e-mail: <a href=\"mailto:antonio.solorio@outlook.com\">antonio.solorio@outlook.com<\/a><\/p>\n<p>&nbsp;<\/p>\n<p style=\"text-align: center;\"><span style=\"color: #993300;\"><strong>Catedral de San Jorge CDMX<\/strong><\/span><\/p>\n<p style=\"text-align: center;\">Tuxpan #30, Col. Roma Sur. C.P.06700 , D.F.<br \/>\nTel <a href=\"tel:+525527944677\">+52 (55)27-94-46-77<\/a><\/p>\n<p>&nbsp;<\/p>\n<p><img loading=\"lazy\" class=\"aligncenter wp-image-15724 \" src=\"https:\/\/iglesiaortodoxa.org.mx\/informacion\/wp-content\/uploads\/Joseph.jpg\" width=\"128\" height=\"164\" \/><\/p>\n<p style=\"text-align: center;\"><strong>R.P. Presb\u00edtero Jos\u00e9 Sharbak<\/strong><\/p>\n<p style=\"text-align: center;\">e-mail: <a href=\"mailto:rsharbak@gmail.com\">rsharbak@gmail.com<\/a><\/p>\n<p>&nbsp;<\/p>\n<p><img class=\"aligncenter wp-image-15724 size-thumbnail\" src=\"http:\/\/iglesiaortodoxa.org.mx\/informacion\/wp-content\/uploads\/\/P.Mario_1.jpg\" \/><\/p>\n<p style=\"text-align: center;\"><strong>R.P. Protopresb\u00edtero Mario Lara<\/strong><\/p>\n<p>&nbsp;<\/p>\n<p><img class=\"aligncenter wp-image-15724 size-thumbnail\" src=\"http:\/\/iglesiaortodoxa.org.mx\/informacion\/wp-content\/uploads\/\/P.Juan_1.jpg\" \/><\/p>\n<p style=\"text-align: center;\"><strong>R.P. Protopresb\u00edtero Juan Pe\u00f1a<\/strong><\/p>\n<p style=\"text-align: center;\">e-mail: <a href=\"mailto:p_ioanis@prodigy.net.mx\">p_ioanis@prodigy.net.mx<\/a><\/p>\n<p>&nbsp;<\/p>\n<p><img class=\"aligncenter wp-image-15724 size-thumbnail\" src=\"http:\/\/iglesiaortodoxa.org.mx\/informacion\/wp-content\/uploads\/\/M_P_Antonio.png\" \/><\/p>\n<p style=\"text-align: center;\"><strong>R.P. Monje-Presb\u00edtero Antonio Mart\u00ednez Ram\u00edrez<\/strong><\/p>\n<p style=\"text-align: center;\">e-mail: <a href=\"mailto:canonarca@hotmail.com\">canonarca@hotmail.com<\/a><\/p>\n<p>&nbsp;<\/p>\n<p style=\"text-align: center;\"><span style=\"color: #993300;\"><strong>Monasterio San Antonio el Grande<\/strong><\/span><\/p>\n<p style=\"text-align: center;\">Estado de M\u00e9xico, Jilotepec, Rancho los duraznos Km. 2 Comunidad el Xhitey C.P. 54270.<br \/>\nTel. <a href=\"tel:+527617342190\">+52 (761) 734-21-90<\/a>, <a href=\"tel:+527617342180\">+52 (761)734 21 80<\/a><\/p>\n<p>&nbsp;<\/p>\n<p><img loading=\"lazy\" class=\"aligncenter wp-image-15724 \" src=\"http:\/\/iglesiaortodoxa.org.mx\/informacion\/wp-content\/uploads\/\/ccfc647c-86ff-46de-8a2d-0994c5ccf99f-1.jpg\" width=\"154\" height=\"151\" \/><\/p>\n<p style=\"text-align: center;\"><strong>R.P. Presb\u00edtero Efr\u00e9n N\u00f3guez<\/strong><\/p>\n<p style=\"text-align: center;\">e-mail: <a href=\"mailto:efrainoguez@hotmail.com\">efrainoguez@hotmail.com<\/a><br \/>\nTel. <a href=\"tel:+525572198736\">+52 (55) 7219-8736<\/a><\/p>\n<p>&nbsp;<\/p>\n<p><img class=\"aligncenter wp-image-15724 \" src=\"http:\/\/iglesiaortodoxa.org.mx\/informacion\/wp-content\/uploads\/\/Padre-Sergio1-1.jpg\" \/><\/p>\n<p style=\"text-align: center;\"><strong>R.P. Monje Sergio Semaan<\/strong><\/p>\n<p style=\"text-align: center;\">e-mail: <a href=\"mailto:pere_sergio@hotmail.com\">pere_sergio@hotmail.com<\/a><br \/>\nTel. <a href=\"tel:+525514661894\">+52 (55) 1466-1894<\/a><\/p>\n<p>&nbsp;<\/p>\n<p style=\"text-align: center;\"><span style=\"color: #993300;\"><strong>Iglesia de la Dormici\u00f3n de la Madre de Dios Hda Santa Gertrudis Cop\u00f3 M\u00e9rida.<\/strong><\/span><\/p>\n<p style=\"text-align: center;\">Direcci\u00f3n: Calle 7 B x 18, Santa Gertudris Cop\u00f3, M\u00e9rida, Yucat\u00e1n. C.P. 97305, M\u00e9xico.<br \/>\nTel. <a href=\"tel:+529999417709\">+52 (999) 941 77 09<\/a><a href=\"tel:+525575481999\">+52 (55) 7548-1999<\/a><\/p>\n<p>&nbsp;<\/p>\n<p><img loading=\"lazy\" class=\"aligncenter wp-image-15724 \" src=\"https:\/\/iglesiaortodoxa.org.mx\/informacion\/wp-content\/uploads\/e7a14d19-11a5-4e71-ac1d-c08b9782cec5.jpg\" width=\"162\" height=\"162\" \/><\/p>\n<p style=\"text-align: center;\"><strong>R.P. Monje-Presb\u00edtero Jos\u00e9 Mor\u00e1n Pineda<\/strong><\/p>\n<p style=\"text-align: center;\">e-mail: <a href=\"mailto:remoranpi@gmail.com\">remoranpi@gmail.com<\/a><\/p>\n<p>&nbsp;<\/p>\n<p style=\"text-align: center;\"><span style=\"color: #993300;\"><strong>Capilla San Inocencio, Tijuana<\/strong><\/span><\/p>\n<p style=\"text-align: center;\">Direcci\u00f3n: Orfanato San Inocencio, Del Rocio 354, Aztlan, 22710 Tijuana, B.C.<br \/>\n<a href=\"https:\/\/www.projectmexico.org\/\">https:\/\/www.projectmexico.org\/<\/a><br \/>\nTel. <a href=\"tel:+526641202958\">+52 664-120-2958<\/a><\/p>\n<p>&nbsp;<\/p>\n<p><img loading=\"lazy\" class=\"aligncenter wp-image-15724 \" src=\"https:\/\/iglesiaortodoxa.org.mx\/informacion\/wp-content\/uploads\/Padre_tijuana_1.png\" width=\"127\" height=\"169\" \/><\/p>\n<p style=\"text-align: center;\"><strong>R.P. Presb\u00edtero Alejandro Sosa Aguilar<\/strong><\/p>\n<p style=\"text-align: center;\">e-mail: <a href=\"alejandro.psicoterapia@gmail.com\">alejandro.psicoterapia@gmail.com<\/a><\/p>\n<p>&nbsp;<\/p>\n<p><img loading=\"lazy\" class=\"aligncenter wp-image-15724 \" src=\"https:\/\/iglesiaortodoxa.org.mx\/informacion\/wp-content\/uploads\/Padre_gringo.png\" width=\"128\" height=\"191\" \/><\/p>\n<p style=\"text-align: center;\"><strong>R.P. Presb\u00edtero Demetrio Swanson<\/strong><\/p>\n<p style=\"text-align: center;\">e-mail: <a href=\"zjsawn@gmail.com\">zjsawn@gmail.com<\/a><\/p>\n<p>&nbsp;<\/p>\n<p>&nbsp;<\/p>\n<p style=\"text-align: center;\"><span style=\"color: #993300;\"><strong>VENEZUELA<\/strong><\/span><\/p>\n<p>&nbsp;<\/p>\n<p style=\"text-align: center;\"><span style=\"color: #993300;\"><strong>Iglesia de San Antonio Abad en Caracas<\/strong><\/span><\/p>\n<p><img loading=\"lazy\" class=\"aligncenter wp-image-15724 \" src=\"https:\/\/iglesiaortodoxa.org.mx\/informacion\/wp-content\/uploads\/Niko.png\" width=\"145\" height=\"206\" \/><\/p>\n<p style=\"text-align: center;\"><strong>R.P. Presb\u00edtero Nicolas Holy<\/strong><\/p>\n<p style=\"text-align: center;\">e-mail: <a href=\"mailto:p.nicolas@iglesiaortodoxa.org.mx\">p.nicolas@iglesiaortodoxa.org.mx<\/a><br \/>\nTel. <a href=\"tel:+582124611667\">+58 (412) 7304525<\/a><\/p>\n<p>&nbsp;<\/p>\n<p style=\"text-align: center;\"><span style=\"color: #993300;\"><strong>Iglesia de San Jorge en Valencia<\/strong><\/span><\/p>\n<p style=\"text-align: center;\">Direcci\u00f3n: Urbanizaci\u00f3n Valles de Camoruco, Avenida 108, Manzana D, Parcela 19, Av. 107, Valencia, Carabobo.<br \/>\nTel.<a href=\"tel:+584143369163\">+58 (414) 3369 163<\/a><\/p>\n<p>&nbsp;<\/p>\n<p><img class=\"aligncenter wp-image-15724 \" src=\"https:\/\/iglesiaortodoxa.org.mx\/informacion\/wp-content\/uploads\/R_P_Rafael_Bitar.png\" \/><\/p>\n<p style=\"text-align: center;\"><strong>R.P. Presb\u00edtero Rafael Bitar<\/strong><\/p>\n<p style=\"text-align: center;\">e-mail: <a href=\"mailto:padrerafael67@gmail.com\">padrerafael67@gmail.com<\/a><\/p>\n<p>&nbsp;<\/p>\n<p>&nbsp;<\/p>\n<p style=\"text-align: center;\"><span style=\"color: #993300;\"><strong>HONDURAS<\/strong><\/span><\/p>\n<p>&nbsp;<\/p>\n<p style=\"text-align: center;\"><span style=\"color: #993300;\"><strong>Catedral de San Juan Bautista<\/strong><\/span><\/p>\n<p style=\"text-align: center;\">Direcci\u00f3n: 26 Avenida, 9 Calle, Colonia Dubon, Apartado Postal#887, San Pedro Sula, Honduras<br \/>\nTel. <a href=\"tel:+50433107000\">+(504) 3310 7000<\/a><\/p>\n<p>&nbsp;<\/p>\n<p><img class=\"aligncenter wp-image-15724 \" src=\"http:\/\/iglesiaortodoxa.org.mx\/informacion\/wp-content\/uploads\/\/R_P_Jorge_Faraj.png\" \/><\/p>\n<p style=\"text-align: center;\"><strong>R.P. Protopresb\u00edtero Jorge Faraj<\/strong><\/p>\n<p style=\"text-align: center;\">e-mail: <a href=\"mailto:fatheryiorgos@hotmail.com\">fatheryiorgos@hotmail.com<\/a><\/p>\n<p>&nbsp;<\/p>\n<p><img class=\"aligncenter wp-image-15724 \" src=\"http:\/\/iglesiaortodoxa.org.mx\/informacion\/wp-content\/uploads\/\/Antonio_B-130x1501.jpg\" \/><\/p>\n<p style=\"text-align: center;\"><strong>R.P. Presb\u00edtero Antonio Bandy<\/strong><\/p>\n<p style=\"text-align: center;\">e-mail: <a href=\"mailto:fatherantoniobandy@gmail.com\">fatherantoniobandy@gmail.com <\/a><br \/>\nTel. <a href=\"tel:+50492838066\">+(504) 92838066<\/a><\/p>\n<p>&nbsp;<\/p>\n<p style=\"text-align: center;\"><span style=\"color: #993300;\"><strong>GUATEMALA<\/strong><\/span><\/p>\n<p style=\"text-align: center;\">Direcci\u00f3n: 16 Calle 3-61, Zona 1, Ciudad de Guatemala, 01001. Guatemala, C.A<br \/>\nTel. <a href=\"tel:+963947315057\">+(963) 947 315 057<\/a><\/p>\n<p>&nbsp;<\/p>\n<p><img loading=\"lazy\" class=\"aligncenter wp-image-15724 \" src=\"http:\/\/iglesiaortodoxa.org.mx\/informacion\/wp-content\/uploads\/\/bernabe_y148x175.jpg\" alt=\"\" width=\"120\" height=\"142\" \/><\/p>\n<p style=\"text-align: center;\"><strong>R.P. Presb\u00edtero Bernab\u00e9 Yazajy<\/strong><\/p>\n<p style=\"text-align: center;\">e-mail: <a href=\"mailto:gyazajy@gmail.com\">gyazajy@gmail.com<\/a><\/p>\n<p>&nbsp;<\/p>\n<p>&nbsp;<\/p>\n<p style=\"text-align: center;\"><span style=\"color: #993300;\"><strong>PUERTO RICO<\/strong><\/span><\/p>\n<p>&nbsp;<\/p>\n<p style=\"text-align: center;\"><span style=\"color: #993300;\"><strong>Iglesia de San Jorge<\/strong><\/span><\/p>\n<p style=\"text-align: center;\">Direcci\u00f3n: Urbanizaci\u00f3n Country Club<br \/>\nMT-12 Calle 405<br \/>\nCarolina, PR 00982-1926<\/p>\n<p>Tel. <a href=\"tel:+17872203932\">+1(787) 220 39 32<\/a><\/p>\n<p>&nbsp;<\/p>\n<p><img loading=\"lazy\" class=\"aligncenter wp-image-15724 \" src=\"http:\/\/iglesiaortodoxa.org.mx\/informacion\/wp-content\/uploads\/\/Captura-de-pantalla-2024-03-11-135543.png\" width=\"137\" height=\"175\" \/><\/p>\n<p style=\"text-align: center;\"><strong>R.P. Protopresb\u00edtero George Eldahr<\/strong><\/p>\n<p style=\"text-align: center;\">e-mail: <a href=\"mailto:geldahr@yahoo.com\">geldahr@yahoo.com<\/a><\/p>\n<p style=\"text-align: center;\"><strong>R.P Di\u00e1cono Isaac Esteban Picornell<\/strong><\/p>\n<p>&nbsp;<\/p>\n<p style=\"text-align: center;\"><span style=\"color: #993300;\"><strong>Isla de Antigua<\/strong><\/span><\/p>\n<p style=\"text-align: center;\">Direcci\u00f3n: Mill Tower Villas # 2 Cotton Lane, Crosbies P.O. Box 793 St. John\u00b4s, Antigua, West Indies<br \/>\nTel. <a href=\"tel:+1267232727\">+1 (268) 7232727<\/a><\/p>\n<p>&nbsp;<\/p>\n<p><img loading=\"lazy\" class=\"aligncenter wp-image-15724 \" src=\"http:\/\/iglesiaortodoxa.org.mx\/informacion\/wp-content\/uploads\/\/Padre_Arsenios_Antiga-704x1024.jpg\" alt=\"\" width=\"113\" height=\"164\" \/><\/p>\n<p style=\"text-align: center;\"><strong>R.P. Presb\u00edtero Arsenios Zaitoun<\/strong><\/p>\n<p style=\"text-align: center;\">e-mail:\u00a0<a href=\"mailto:saerzaitoun@gmail.com\"> saerzaitoun@gmail.com<\/a><\/p>\n<p>&nbsp;<\/p>\n<p style=\"text-align: center;\"><span style=\"color: #993300;\"><strong>Islas de Guadalupe y Martinique<\/strong><\/span><\/p>\n<p style=\"text-align: center;\">Direcci\u00f3n: 23 rue Barb\u00e8s 97110 Poinre_\u00e0_Pitre (Quadeloupe)<br \/>\nTel. <a href=\"tel:+590691239444\">+590691239444<\/a><\/p>\n<p>&nbsp;<\/p>\n<p><img loading=\"lazy\" class=\"aligncenter wp-image-15724 \" src=\"http:\/\/iglesiaortodoxa.org.mx\/informacion\/wp-content\/uploads\/\/Padre_.png\" alt=\"\" width=\"113\" height=\"164\" \/><\/p>\n<p style=\"text-align: center;\"><strong>R.P. Presb\u00edtero Atieh El\u00edas<\/strong><\/p>\n<p style=\"text-align: center;\">e-mail:\u00a0<a href=\"elias.a89@hotmail.com\"> elias.a89@hotmail.com<\/a><\/p>\n<p>&nbsp;<\/p>\n","protected":false},"excerpt":{"rendered":"<p>ARZOBISPADO ORTODOXO Su Eminencia Reverend\u00edsima Metropolita Ignacio Sama\u00e1n Arzobispo Metropolitano de la Iglesia Ortodoxa Antioquena. Arquidi\u00f3cesis de M\u00e9xico, Venezuela, Centroam\u00e9rica y el Caribe. Direcci\u00f3n: Pirules 110, Jardines del Pedregal, 01900, Ciudad de M\u00e9xico. Tel.: +52(55)5652-7772 y +52(55)5652-5433 e-mail: ortodoxia@prodigy.net.mx y mons.ignacio@iglesiaortodoxa.org.mx &nbsp; Su Excelencia Reverend\u00edsima Obispo Elias Toume Obispo auxiliar de la Iglesia Ortodoxa Antioquena. [&hellip;]<\/p>\n","protected":false},"author":13,"featured_media":0,"parent":4,"menu_order":1,"comment_status":"closed","ping_status":"closed","template":"","meta":{"_bbp_topic_count":0,"_bbp_reply_count":0,"_bbp_total_topic_count":0,"_bbp_total_reply_count":0,"_bbp_voice_count":0,"_bbp_anonymous_reply_count":0,"_bbp_topic_count_hidden":0,"_bbp_reply_count_hidden":0,"_bbp_forum_subforum_count":0},"_links":{"self":[{"href":"http:\/\/iglesiaortodoxa.org.mx\/informacion\/wp-json\/wp\/v2\/pages\/35"}],"collection":[{"href":"http:\/\/iglesiaortodoxa.org.mx\/informacion\/wp-json\/wp\/v2\/pages"}],"about":[{"href":"http:\/\/iglesiaortodoxa.org.mx\/informacion\/wp-json\/wp\/v2\/types\/page"}],"author":[{"embeddable":true,"href":"http:\/\/iglesiaortodoxa.org.mx\/informacion\/wp-json\/wp\/v2\/users\/13"}],"replies":[{"embeddable":true,"href":"http:\/\/iglesiaortodoxa.org.mx\/informacion\/wp-json\/wp\/v2\/comments?post=35"}],"version-history":[{"count":262,"href":"http:\/\/iglesiaortodoxa.org.mx\/informacion\/wp-json\/wp\/v2\/pages\/35\/revisions"}],"predecessor-version":[{"id":21746,"href":"http:\/\/iglesiaortodoxa.org.mx\/informacion\/wp-json\/wp\/v2\/pages\/35\/revisions\/21746"}],"up":[{"embeddable":true,"href":"http:\/\/iglesiaortodoxa.org.mx\/informacion\/wp-json\/wp\/v2\/pages\/4"}],"wp:attachment":[{"href":"http:\/\/iglesiaortodoxa.org.mx\/informacion\/wp-json\/wp\/v2\/media?parent=35"}],"curies":[{"name":"wp","href":"https:\/\/api.w.org\/{rel}","templated":true}]}}