{"id":33,"date":"2009-11-13T08:30:19","date_gmt":"2009-11-13T14:30:19","guid":{"rendered":"http:\/\/www.iglesiaortodoxa.org.mx\/informacion\/?page_id=33"},"modified":"2026-02-02T16:59:28","modified_gmt":"2026-02-02T22:59:28","slug":"el-caribe","status":"publish","type":"page","link":"http:\/\/iglesiaortodoxa.org.mx\/informacion\/arquidiocesis\/parroquias\/el-caribe\/","title":{"rendered":"El Caribe"},"content":{"rendered":"<p style=\"text-align: center;\"><span style=\"color: #993300;\"><strong>Puerto Rico<\/strong><\/span><\/p>\n<p style=\"text-align: center;\"><span style=\"color: #993300;\"><strong>Iglesia de San Jorge<\/strong><\/span><\/p>\n<p style=\"text-align: center;\">Urbanizaci\u00f3n Country Club<br \/>\nMT-12 Calle 405<br \/>\nCarolina, PR 00982-1926<\/p>\n<p style=\"text-align: center;\">Tel.\u00a0<a href=\"tel:+17878095638\">+1(787) 220-3932<\/a><\/p>\n<p style=\"text-align: center;\"><strong>P\u00e1rroco: R.P. Protopresb\u00edtero George Eldahr<\/strong><\/p>\n<p style=\"text-align: center;\">e-mail: <a href=\"mailto:geldahr@yahoo.com\">geldahr@yahoo.com<\/a><\/p>\n<p style=\"text-align: center;\"><strong>R.P. Di\u00e1cono Isaac Esteban Picornell<\/strong><\/p>\n<h4 style=\"text-align: center;\">Horario Divina Liturgia<\/h4>\n<p style=\"text-align: center;\">Domingos a las 10:30 a.m. (los maitines empiezan una hora antes)<\/p>\n<p style=\"text-align: center;\"><span style=\"color: #993300;\"><strong>Isla de Antigua<\/strong><\/span><\/p>\n<p style=\"text-align: center;\">Mill Tower Villas # 2 Cotton Lane, Crosbies P.O. Box 793 St. John\u00b4s, Antigua, West Indies<br \/>\nTel.\u00a0<a href=\"tel:+0012687713686\">+1 (268) 723-2727<\/a><\/p>\n<p style=\"text-align: center;\"><strong>P\u00e1rroco: R.P. Presb\u00edtero Arsenios Zaitoun<\/strong><\/p>\n<p style=\"text-align: center;\">e-mail: <a href=\"mailto:saerzaitoun@gmail.com\">saerzaitoun@gmail.com<\/a><\/p>\n<h4 style=\"text-align: center;\">Horario Divina Liturgia<\/h4>\n<p style=\"text-align: center;\">Domingos a las 10:30 a.m. (los maitines empiezan una hora antes)<\/p>\n<p style=\"text-align: center;\"><span style=\"color: #993300;\"><strong>Islas de Guadalupe y Martinica<\/strong><\/span><\/p>\n<p style=\"text-align: center;\">23 rue Barb\u00e8s 97110 Pointe-\u00e0-Pitre (Quadeloupe).<br \/>\nTel.\u00a0<a href=\"tel:+590691239444\">+590691239444<\/a><\/p>\n<p style=\"text-align: center;\"><strong>P\u00e1rroco: R.P. Presb\u00edtero Atieh El\u00edas<\/strong><\/p>\n<p style=\"text-align: center;\">e-mail: <a href=\"mailto:elias.a89@hotmail.com\">elias.a89@hotmail.com<\/a><\/p>\n<h4 style=\"text-align: center;\">Horario Divina Liturgia<\/h4>\n<p style=\"text-align: center;\">Domingos a las 6:30 p.m.<\/p>\n","protected":false},"excerpt":{"rendered":"<p>Puerto Rico Iglesia de San Jorge Urbanizaci\u00f3n Country Club MT-12 Calle 405 Carolina, PR 00982-1926 Tel.\u00a0+1(787) 220-3932 P\u00e1rroco: R.P. Protopresb\u00edtero George Eldahr e-mail: geldahr@yahoo.com R.P. Di\u00e1cono Isaac Esteban Picornell Horario Divina Liturgia Domingos a las 10:30 a.m. (los maitines empiezan una hora antes) Isla de Antigua Mill Tower Villas # 2 Cotton Lane, Crosbies P.O. [&hellip;]<\/p>\n","protected":false},"author":13,"featured_media":0,"parent":14651,"menu_order":5,"comment_status":"closed","ping_status":"closed","template":"","meta":{"_bbp_topic_count":0,"_bbp_reply_count":0,"_bbp_total_topic_count":0,"_bbp_total_reply_count":0,"_bbp_voice_count":0,"_bbp_anonymous_reply_count":0,"_bbp_topic_count_hidden":0,"_bbp_reply_count_hidden":0,"_bbp_forum_subforum_count":0},"_links":{"self":[{"href":"http:\/\/iglesiaortodoxa.org.mx\/informacion\/wp-json\/wp\/v2\/pages\/33"}],"collection":[{"href":"http:\/\/iglesiaortodoxa.org.mx\/informacion\/wp-json\/wp\/v2\/pages"}],"about":[{"href":"http:\/\/iglesiaortodoxa.org.mx\/informacion\/wp-json\/wp\/v2\/types\/page"}],"author":[{"embeddable":true,"href":"http:\/\/iglesiaortodoxa.org.mx\/informacion\/wp-json\/wp\/v2\/users\/13"}],"replies":[{"embeddable":true,"href":"http:\/\/iglesiaortodoxa.org.mx\/informacion\/wp-json\/wp\/v2\/comments?post=33"}],"version-history":[{"count":30,"href":"http:\/\/iglesiaortodoxa.org.mx\/informacion\/wp-json\/wp\/v2\/pages\/33\/revisions"}],"predecessor-version":[{"id":21749,"href":"http:\/\/iglesiaortodoxa.org.mx\/informacion\/wp-json\/wp\/v2\/pages\/33\/revisions\/21749"}],"up":[{"embeddable":true,"href":"http:\/\/iglesiaortodoxa.org.mx\/informacion\/wp-json\/wp\/v2\/pages\/14651"}],"wp:attachment":[{"href":"http:\/\/iglesiaortodoxa.org.mx\/informacion\/wp-json\/wp\/v2\/media?parent=33"}],"curies":[{"name":"wp","href":"https:\/\/api.w.org\/{rel}","templated":true}]}}