{"id":29,"date":"2009-11-13T08:29:50","date_gmt":"2009-11-13T14:29:50","guid":{"rendered":"http:\/\/www.iglesiaortodoxa.org.mx\/informacion\/?page_id=29"},"modified":"2024-06-18T13:02:34","modified_gmt":"2024-06-18T19:02:34","slug":"venezuela","status":"publish","type":"page","link":"http:\/\/iglesiaortodoxa.org.mx\/informacion\/arquidiocesis\/parroquias\/venezuela\/","title":{"rendered":"Venezuela"},"content":{"rendered":"<p><img loading=\"lazy\" width=\"1601\" height=\"783\" class=\"alignnone size-full wp-image-15343 aligncenter\" style=\"height: 300px;\" src=\"http:\/\/iglesiaortodoxa.org.mx\/informacion\/wp-content\/uploads\/\/comunidad-caracas-4-11-19.jpg\" alt=\"\" srcset=\"http:\/\/iglesiaortodoxa.org.mx\/informacion\/wp-content\/uploads\/comunidad-caracas-4-11-19.jpg 1601w, http:\/\/iglesiaortodoxa.org.mx\/informacion\/wp-content\/uploads\/comunidad-caracas-4-11-19-175x86.jpg 175w, http:\/\/iglesiaortodoxa.org.mx\/informacion\/wp-content\/uploads\/comunidad-caracas-4-11-19-300x147.jpg 300w, http:\/\/iglesiaortodoxa.org.mx\/informacion\/wp-content\/uploads\/comunidad-caracas-4-11-19-768x376.jpg 768w, http:\/\/iglesiaortodoxa.org.mx\/informacion\/wp-content\/uploads\/comunidad-caracas-4-11-19-1024x501.jpg 1024w\" sizes=\"(max-width: 1601px) 100vw, 1601px\" \/><\/p>\n<p style=\"text-align: center;\"><span style=\"color: #993300;\"><strong>Iglesia de San Antonio Abad en Caracas<\/strong><\/span><\/p>\n<h5 class=\"titulos-font d-block mx-auto mt-3 text-center\" style=\"text-align: center;\">Su Excelencia Reverend\u00edsima Obispo Elias Toume<\/h5>\n<p style=\"text-align: center;\">Obispo auxiliar de la Iglesia Ortodoxa Antioquena. Arquidi\u00f3cesis de M\u00e9xico, Venezuela, Centroam\u00e9rica y el Caribe.<br \/>\nDirecci\u00f3n: Qta. San Antonio Abad, Av. \u201cE\u201d El Pinar, El Para\u00edso, Caracas 1020, D.C., Venezuela.<br \/>\ne-mail: <a href=\"mailto:bishoptoume@gmail.com\">bishoptoume@gmail.com<\/a><br \/>\nTel <a href=\"tel:+584241513718\">+58 (424) 1513718<\/a><\/p>\n<h5 class=\"titulos-font d-block mx-auto mt-0 text-center\" style=\"text-align: center;\">P\u00e1rroco: R.P. Presb\u00edtero Nicolas Holy<\/h5>\n<p style=\"text-align: center;\">e-mail:\u00a0<a href=\"mailto:p.nicolas@iglesiaortodoxa.org.mx\">p.nicolas@iglesiaortodoxa.org.mx<\/a><br \/>\nTel.\u00a0<a href=\"tel:+582124611667\">+58 (412) 7304525<\/a><\/p>\n<h5 style=\"text-align: center;\" class=\"titulos-font d-block mx-auto\">Horario Divina Liturgia<\/h5>\n<p style=\"text-align: center;\">Domingos a las 10:00 a.m.<\/p>\n<p style=\"text-align: center;\"><span style=\"color: #993300;\"><strong>Iglesia de San Jorge en Valencia<\/strong><\/span><\/p>\n<p style=\"text-align: center;\">Direcci\u00f3n: Urbanizaci\u00f3n Valles de Camoruco, Avenida 108, Manzana D, Parcela 19, Av. 107, Valencia, Carabobo.<br \/>\nTel.<a href=\"tel:+584143369163\">+58 (414) 3369 163<\/a><\/p>\n<h5 class=\"titulos-font d-block mx-auto mt-3 text-center\" style=\"text-align: center;\">P\u00e1rroco: R.P. Presb\u00edtero Rafael Bitar<\/h5>\n<p style=\"text-align: center;\">e-mail:\u00a0<a href=\"mailto:padrerafael67@gmail.com\">padrerafael67@gmail.com<\/a><\/p>\n<h5 style=\"text-align: center;\" class=\"titulos-font d-block mx-auto\">Horario Divina Liturgia<\/h5>\n<p style=\"text-align: center;\" class=\"mb-5\">Domingos a las 11:00a.m.<\/p>\n","protected":false},"excerpt":{"rendered":"<p>Iglesia de San Antonio Abad en Caracas Su Excelencia Reverend\u00edsima Obispo Elias Toume Obispo auxiliar de la Iglesia Ortodoxa Antioquena. Arquidi\u00f3cesis de M\u00e9xico, Venezuela, Centroam\u00e9rica y el Caribe. Direcci\u00f3n: Qta. San Antonio Abad, Av. \u201cE\u201d El Pinar, El Para\u00edso, Caracas 1020, D.C., Venezuela. e-mail: bishoptoume@gmail.com Tel +58 (424) 1513718 P\u00e1rroco: R.P. Presb\u00edtero Nicolas Holy e-mail:\u00a0p.nicolas@iglesiaortodoxa.org.mx [&hellip;]<\/p>\n","protected":false},"author":13,"featured_media":0,"parent":14651,"menu_order":2,"comment_status":"closed","ping_status":"closed","template":"","meta":{"_bbp_topic_count":0,"_bbp_reply_count":0,"_bbp_total_topic_count":0,"_bbp_total_reply_count":0,"_bbp_voice_count":0,"_bbp_anonymous_reply_count":0,"_bbp_topic_count_hidden":0,"_bbp_reply_count_hidden":0,"_bbp_forum_subforum_count":0},"_links":{"self":[{"href":"http:\/\/iglesiaortodoxa.org.mx\/informacion\/wp-json\/wp\/v2\/pages\/29"}],"collection":[{"href":"http:\/\/iglesiaortodoxa.org.mx\/informacion\/wp-json\/wp\/v2\/pages"}],"about":[{"href":"http:\/\/iglesiaortodoxa.org.mx\/informacion\/wp-json\/wp\/v2\/types\/page"}],"author":[{"embeddable":true,"href":"http:\/\/iglesiaortodoxa.org.mx\/informacion\/wp-json\/wp\/v2\/users\/13"}],"replies":[{"embeddable":true,"href":"http:\/\/iglesiaortodoxa.org.mx\/informacion\/wp-json\/wp\/v2\/comments?post=29"}],"version-history":[{"count":72,"href":"http:\/\/iglesiaortodoxa.org.mx\/informacion\/wp-json\/wp\/v2\/pages\/29\/revisions"}],"predecessor-version":[{"id":18646,"href":"http:\/\/iglesiaortodoxa.org.mx\/informacion\/wp-json\/wp\/v2\/pages\/29\/revisions\/18646"}],"up":[{"embeddable":true,"href":"http:\/\/iglesiaortodoxa.org.mx\/informacion\/wp-json\/wp\/v2\/pages\/14651"}],"wp:attachment":[{"href":"http:\/\/iglesiaortodoxa.org.mx\/informacion\/wp-json\/wp\/v2\/media?parent=29"}],"curies":[{"name":"wp","href":"https:\/\/api.w.org\/{rel}","templated":true}]}}