{"id":27,"date":"2009-11-13T08:29:37","date_gmt":"2009-11-13T14:29:37","guid":{"rendered":"http:\/\/www.iglesiaortodoxa.org.mx\/informacion\/?page_id=27"},"modified":"2024-02-29T16:40:20","modified_gmt":"2024-02-29T22:40:20","slug":"mexico","status":"publish","type":"page","link":"http:\/\/iglesiaortodoxa.org.mx\/informacion\/arquidiocesis\/parroquias\/mexico\/","title":{"rendered":"M\u00e9xico"},"content":{"rendered":"<p style=\"text-align: justify;\"><img loading=\"lazy\" class=\"size-thumbnail wp-image-170 alignleft\" style=\"margin: 10px;\" title=\"Catedral_S_Jorge2\" alt=\"Catedral_S_Jorge2\" src=\"http:\/\/www.iglesiaortodoxa.org.mx\/informacion\/wp-content\/uploads\/\/Catedral_S_Jorge21-150x150.jpg\" width=\"150\" height=\"150\" \/>La Iglesia Ortodoxa Antioquena en Am\u00e9rica est\u00e1 bien establecida tras cien a\u00f1os de emigraci\u00f3n desde el Medio Oriente, con aproximadamente 7 millones de fieles en toda Am\u00e9rica.<\/p>\n<p>As\u00ed, la Iglesia Ortodoxa Antioquena inici\u00f3 sus actividades a finales del siglo XIX con la inmigraci\u00f3n de fieles ortodoxos a M\u00e9xico, teniendo sacerdotes dependientes del arzobispado de Norte Am\u00e9rica, uno de los cuales fue el Archimandrita Rafael Hauauini (fue anunciado santo en la Iglesia Ortodoxa en Am\u00e9rica el a\u00f1o 1996). La misi\u00f3n fue iniciada oficialmente por el padre Sim\u00f3n Iza, y posteriormente por los reverendos padres Jos\u00e9 Chalhub y Zacar\u00edas Antonio Zacar\u00edas, quien, bajo las instrucciones del obispo Samuel David y la colaboraci\u00f3n de las sociedades ortodoxas fundaron la Catedral de San Jorge.<a href=\"http:\/\/www.iglesiaortodoxa.org.mx\/informacion\/wp-content\/uploads\/\/Monasterio-de-San-Antonio.jpg\" rel=\"attachment wp-att-8529\" data-rel=\"lightbox-image-0\" data-rl_title=\"\" data-rl_caption=\"\" title=\"\"><img loading=\"lazy\" class=\"size-thumbnail wp-image-8529 alignright\" alt=\"Monasterio de San Antonio\" src=\"http:\/\/www.iglesiaortodoxa.org.mx\/informacion\/wp-content\/uploads\/\/Monasterio-de-San-Antonio-150x150.jpg\" width=\"150\" height=\"150\" \/><\/a><\/p>\n<p style=\"text-align: justify;\">A finales del a\u00f1o 1943 se constituy\u00f3 el comit\u00e9 pro-edificaci\u00f3n de la Iglesia Ortodoxa en M\u00e9xico bajo la presidencia del se\u00f1or Am\u00edn Aboumrad, y como presidente honorario el ilustr\u00edsimo Arzobispo Samuel David con residencia en Toledo, Ohio, EE. UU., teniendo much\u00edsimos colaboradores, entre ellos el Padre Zacar\u00edas A. Zacar\u00edas.<\/p>\n<p style=\"text-align: justify;\">El terreno donado para la Catedral fue escriturado el 17 de marzo de 1944; la primera piedra se coloc\u00f3 despu\u00e9s de construido el s\u00f3tano, el d\u00eda 16 de diciembre de 1944. Los constructores fueron los se\u00f1ores Alexis, V\u00edctor y Afif Mobayed. En 1945 se le da el n\u00famero oficial a la Iglesia, mismo que conserva hasta hoy: \u201cTuxpan #30, Colonia Roma Sur, M\u00e9xico, D.F.\u00a0La Iglesia fue inaugurada y consagrada con el nombre de San Jorge el d\u00eda 14 de septiembre de 1947.<\/p>\n<p style=\"text-align: justify;\"><a href=\"http:\/\/www.iglesiaortodoxa.org.mx\/informacion\/wp-content\/uploads\/\/Merida.jpg\" rel=\"attachment wp-att-10190\" data-rel=\"lightbox-image-1\" data-rl_title=\"\" data-rl_caption=\"\" title=\"\"><img loading=\"lazy\" class=\"alignleft\" alt=\"Merida\" src=\"http:\/\/www.iglesiaortodoxa.org.mx\/informacion\/wp-content\/uploads\/\/Merida-150x150.jpg\" width=\"150\" height=\"150\" \/><\/a><\/p>\n<p style=\"text-align: justify;\"><a href=\"http:\/\/www.iglesiaortodoxa.org.mx\/informacion\/wp-content\/uploads\/\/Merida.jpg\" rel=\"attachment wp-att-10190\" data-rel=\"lightbox-image-2\" data-rl_title=\"\" data-rl_caption=\"\" title=\"\">\u00a0<\/a> El a\u00f1o 1966 lleg\u00f3 su Excelencia el obispo Antonio Chedraoui como vicario patriarcal. Con su empe\u00f1o logr\u00f3 organizar la comunidad y disponer los servicios espirituales y eclesi\u00e1sticos a todos los ortodoxos, antioquenos o no. En el a\u00f1o 1996 ya su Eminencia Antonio, fue nombrado Arzobispo metropolitano de M\u00e9xico, Venezuela, Centroam\u00e9rica y el Caribe, y su C\u00e1tedra se encuentra en la ciudad de M\u00e9xico; hasta hoy sigue encabezando la comunidad ortodoxa antioquena y uniendo bajo su omoforio a toda la grey.<\/p>\n<p style=\"text-align: justify;\"><img loading=\"lazy\" class=\"alignright\" id=\"cc-m-imagesubtitle-image-5901885657\" alt=\"\" src=\"http:\/\/www.iglesiaortodoxa.org.mx\/informacion\/wp-content\/uploads\/\/image3.jpg\" width=\"172\" height=\"130\" \/><\/p>\n<p style=\"text-align: justify;\">La Comunidad Ortodoxa de la Capital se concentra en la Catedral de San Jorge hubicada en la ciudad de M\u00e9xico y en el \u00e1rea metropolitana\u00a0 La Catedral de San Pedro y San Pablo hubicada en Huixquilucan Estado de M\u00e9xico y dentro del Estado de M\u00e9xico se encuentra El Monasterio de San Antonio el Grande en el municipio de Jilotepec, tambi\u00e9n est\u00e1 la comunidad\u00a0 de la ciudad de M\u00e9rida, \u00a0en la parroquia de la Dormici\u00f3n de la Virgen. En la Ciudad de Tijuana, la misi\u00f3n ortodoxa es llevada a cabo\u00a0 por el Proyecto M\u00c9XICO.<\/p>\n","protected":false},"excerpt":{"rendered":"<p>La Iglesia Ortodoxa Antioquena en Am\u00e9rica est\u00e1 bien establecida tras cien a\u00f1os de emigraci\u00f3n desde el Medio Oriente, con aproximadamente 7 millones de fieles en toda Am\u00e9rica. As\u00ed, la Iglesia Ortodoxa Antioquena inici\u00f3 sus actividades a finales del siglo XIX con la inmigraci\u00f3n de fieles ortodoxos a M\u00e9xico, teniendo sacerdotes dependientes del arzobispado de Norte [&hellip;]<\/p>\n","protected":false},"author":13,"featured_media":0,"parent":14651,"menu_order":1,"comment_status":"closed","ping_status":"closed","template":"","meta":{"_bbp_topic_count":0,"_bbp_reply_count":0,"_bbp_total_topic_count":0,"_bbp_total_reply_count":0,"_bbp_voice_count":0,"_bbp_anonymous_reply_count":0,"_bbp_topic_count_hidden":0,"_bbp_reply_count_hidden":0,"_bbp_forum_subforum_count":0},"_links":{"self":[{"href":"http:\/\/iglesiaortodoxa.org.mx\/informacion\/wp-json\/wp\/v2\/pages\/27"}],"collection":[{"href":"http:\/\/iglesiaortodoxa.org.mx\/informacion\/wp-json\/wp\/v2\/pages"}],"about":[{"href":"http:\/\/iglesiaortodoxa.org.mx\/informacion\/wp-json\/wp\/v2\/types\/page"}],"author":[{"embeddable":true,"href":"http:\/\/iglesiaortodoxa.org.mx\/informacion\/wp-json\/wp\/v2\/users\/13"}],"replies":[{"embeddable":true,"href":"http:\/\/iglesiaortodoxa.org.mx\/informacion\/wp-json\/wp\/v2\/comments?post=27"}],"version-history":[{"count":31,"href":"http:\/\/iglesiaortodoxa.org.mx\/informacion\/wp-json\/wp\/v2\/pages\/27\/revisions"}],"predecessor-version":[{"id":17828,"href":"http:\/\/iglesiaortodoxa.org.mx\/informacion\/wp-json\/wp\/v2\/pages\/27\/revisions\/17828"}],"up":[{"embeddable":true,"href":"http:\/\/iglesiaortodoxa.org.mx\/informacion\/wp-json\/wp\/v2\/pages\/14651"}],"wp:attachment":[{"href":"http:\/\/iglesiaortodoxa.org.mx\/informacion\/wp-json\/wp\/v2\/media?parent=27"}],"curies":[{"name":"wp","href":"https:\/\/api.w.org\/{rel}","templated":true}]}}