{"id":184,"date":"2009-11-18T15:06:09","date_gmt":"2009-11-18T21:06:09","guid":{"rendered":"http:\/\/www.iglesiaortodoxa.org.mx\/informacion\/?page_id=184"},"modified":"2024-06-17T10:56:45","modified_gmt":"2024-06-17T16:56:45","slug":"guatelmala","status":"publish","type":"page","link":"http:\/\/iglesiaortodoxa.org.mx\/informacion\/arquidiocesis\/parroquias\/guatelmala\/","title":{"rendered":"Guatemala"},"content":{"rendered":"<p><img class=\"aligncenter wp-image-14119\" style=\"width: 500px;\" src=\"http:\/\/iglesiaortodoxa.org.mx\/informacion\/wp-content\/uploads\/\/3e647dd8-4353-40a9-add1-d0c635d9f2ec.jpg\" alt=\"\" \/><\/p>\n<p style=\"text-align: justify;\">La Iglesia Ortodoxa de Guatemala pertenece a la Arquidi\u00f3cesis de M\u00e9xico, Venezuela, Centroam\u00e9rica y el Caribe del Patriarcado de Antioqu\u00eda y Todo el Oriente.<\/p>\n<p>Se ha establecido para la atenci\u00f3n pastoral de su feligres\u00eda, cuyos miembros son, en su mayor\u00eda, \u00e1rabes (particularmente palestinos y sirios), griegos y guatemaltecos, as\u00ed como rusos, ucranianos, rumanos, estadounidenses, mexicanos, etc.<\/p>\n<p>16 Calle 3-61, Zona 1, Ciudad de Guatemala, 01001. Guatemala, C.A.<br \/>\nTel.\u00a0<a href=\"tel:+963947315057\">+963 947315057<\/a><\/p>\n<p style=\"text-align: center;\"><strong>P\u00e1rroco: R.P. Presb\u00edtero Bernab\u00e9 Yazajy<\/strong><\/p>\n<p style=\"text-align: center;\">e-mail: <a href=\"mailto:gyazajy@gmail.com\">gyazajy@gmail.com<\/a><br \/>\n<a href=\"https:\/\/iglesia-ortodoxa-de-guatemala.webnode.es\" target=\"blank\" rel=\"noopener\">https:\/\/iglesia-ortodoxa-de-guatemala.webnode.es<\/a><\/p>\n<h4 style=\"text-align: center;\">Horario Divina Liturgia<\/h4>\n<p style=\"text-align: center;\">Domingos a las 11:00 a.m. (los maitines empiezan una hora antes)<\/p>\n<p>&nbsp;<\/p>\n","protected":false},"excerpt":{"rendered":"<p>La Iglesia Ortodoxa de Guatemala pertenece a la Arquidi\u00f3cesis de M\u00e9xico, Venezuela, Centroam\u00e9rica y el Caribe del Patriarcado de Antioqu\u00eda y Todo el Oriente. Se ha establecido para la atenci\u00f3n pastoral de su feligres\u00eda, cuyos miembros son, en su mayor\u00eda, \u00e1rabes (particularmente palestinos y sirios), griegos y guatemaltecos, as\u00ed como rusos, ucranianos, rumanos, estadounidenses, mexicanos, [&hellip;]<\/p>\n","protected":false},"author":13,"featured_media":0,"parent":14651,"menu_order":4,"comment_status":"closed","ping_status":"closed","template":"","meta":{"_bbp_topic_count":0,"_bbp_reply_count":0,"_bbp_total_topic_count":0,"_bbp_total_reply_count":0,"_bbp_voice_count":0,"_bbp_anonymous_reply_count":0,"_bbp_topic_count_hidden":0,"_bbp_reply_count_hidden":0,"_bbp_forum_subforum_count":0},"_links":{"self":[{"href":"http:\/\/iglesiaortodoxa.org.mx\/informacion\/wp-json\/wp\/v2\/pages\/184"}],"collection":[{"href":"http:\/\/iglesiaortodoxa.org.mx\/informacion\/wp-json\/wp\/v2\/pages"}],"about":[{"href":"http:\/\/iglesiaortodoxa.org.mx\/informacion\/wp-json\/wp\/v2\/types\/page"}],"author":[{"embeddable":true,"href":"http:\/\/iglesiaortodoxa.org.mx\/informacion\/wp-json\/wp\/v2\/users\/13"}],"replies":[{"embeddable":true,"href":"http:\/\/iglesiaortodoxa.org.mx\/informacion\/wp-json\/wp\/v2\/comments?post=184"}],"version-history":[{"count":23,"href":"http:\/\/iglesiaortodoxa.org.mx\/informacion\/wp-json\/wp\/v2\/pages\/184\/revisions"}],"predecessor-version":[{"id":18609,"href":"http:\/\/iglesiaortodoxa.org.mx\/informacion\/wp-json\/wp\/v2\/pages\/184\/revisions\/18609"}],"up":[{"embeddable":true,"href":"http:\/\/iglesiaortodoxa.org.mx\/informacion\/wp-json\/wp\/v2\/pages\/14651"}],"wp:attachment":[{"href":"http:\/\/iglesiaortodoxa.org.mx\/informacion\/wp-json\/wp\/v2\/media?parent=184"}],"curies":[{"name":"wp","href":"https:\/\/api.w.org\/{rel}","templated":true}]}}