{"id":178,"date":"2009-11-18T14:55:27","date_gmt":"2009-11-18T20:55:27","guid":{"rendered":"http:\/\/www.iglesiaortodoxa.org.mx\/informacion\/?page_id=178"},"modified":"2024-06-17T10:57:42","modified_gmt":"2024-06-17T16:57:42","slug":"honduras","status":"publish","type":"page","link":"http:\/\/iglesiaortodoxa.org.mx\/informacion\/arquidiocesis\/parroquias\/honduras\/","title":{"rendered":"Honduras"},"content":{"rendered":"<p><img loading=\"lazy\" width=\"1601\" height=\"783\" class=\"size-full wp-image-15341 aligncenter\" style=\"width: 500px;\" src=\"http:\/\/iglesiaortodoxa.org.mx\/informacion\/wp-content\/uploads\/\/comunidad-honduras-4-11-19.jpg\" alt=\"\" srcset=\"http:\/\/iglesiaortodoxa.org.mx\/informacion\/wp-content\/uploads\/comunidad-honduras-4-11-19.jpg 1601w, http:\/\/iglesiaortodoxa.org.mx\/informacion\/wp-content\/uploads\/comunidad-honduras-4-11-19-175x86.jpg 175w, http:\/\/iglesiaortodoxa.org.mx\/informacion\/wp-content\/uploads\/comunidad-honduras-4-11-19-300x147.jpg 300w, http:\/\/iglesiaortodoxa.org.mx\/informacion\/wp-content\/uploads\/comunidad-honduras-4-11-19-768x376.jpg 768w, http:\/\/iglesiaortodoxa.org.mx\/informacion\/wp-content\/uploads\/comunidad-honduras-4-11-19-1024x501.jpg 1024w\" sizes=\"(max-width: 1601px) 100vw, 1601px\" \/><\/p>\n<p style=\"text-align: center;\"><span style=\"color: #993300;\"><strong>Iglesia Cat\u00f3lica Apost\u00f3lica Ortodoxa Antioquena de Honduras<\/strong><\/span><\/p>\n<p style=\"text-align: justify;\">Est\u00e1 formada aproximadamente por m\u00e1s de 600 familias ortodoxas diseminadas a lo largo y ancho de la rep\u00fablica. Tiene una Catedral localizada en la ciudad de San Pedro Sula, al norte de Honduras, llevando el nombre de San Juan Bautista; es la \u00fanica Iglesia Ortodoxa en toda la Rep\u00fablica de Honduras. Fue fundada en el a\u00f1o 1963 por el Rev. Archimandrita Basilios Safi (de bendita memoria).<\/p>\n<p>Cuenta tambi\u00e9n con un comedor donde, gratuitamente, se da comida a los pobres, una Casa Hogar \u201cOrfanato San Nektarios\u201d y un dispensario que brinda atenci\u00f3n m\u00e9dica a la gente necesitada. La Casa Hogar es manejada primordialmente por el Arzobispo, a trav\u00e9s del P\u00e1rroco y la Fundaci\u00f3n Ortodoxa.<\/p>\n<p>Adem\u00e1s, tiene un jard\u00edn-escuela y el Instituto Triling\u00fce San Juan Bautista, el cual es ap\u00e9ndice de la Iglesia. En dicha escuela, se imparten clases de ingl\u00e9s, \u00e1rabe y espa\u00f1ol, adem\u00e1s de la instrucci\u00f3n religiosa. El instituto educa a 150 alumnos que son de diferentes or\u00edgenes culturales y religiosos.<\/p>\n<p style=\"text-align: center;\"><span style=\"color: #993300;\"><strong>Catedral de San Juan Bautista<\/strong><\/span><\/p>\n<p style=\"text-align: justify;\">Se localiza en la ciudad de San Pedro Sula. Las actividades que se llevan a cabo en la Catedral son la Divina Liturgia (los domingos y d\u00edas festivos), el servicio de V\u00edsperas mayores y Maitines (en las festividades) y todas las actividades sacramentales como bautizos, bodas, etc. As\u00ed como catequesis a ni\u00f1os y j\u00f3venes, estudios b\u00edblicos a adultos, actividades de proyecci\u00f3n social de la Asociaci\u00f3n de Damas Ortodoxas y el Consejo Parroquial.<\/p>\n<p>Actualmente, el Rev. Proto-presb\u00edtero Padre Jorge Faraj, funge como sacerdote p\u00e1rroco de Honduras, casado con dos hijos, es rector de la Catedral y el jard\u00edn-escuela y del Instituto Triling\u00fce San Juan Bautista y fue asistido por el Rev. Padre Di\u00e1cono Juan R. M\u00e9ndez. Ambos realizaron sus estudios Teol\u00f3gicos en el Instituto de Teolog\u00eda San Juan Damasceno de la Universidad del Balamand en el L\u00edbano.<\/p>\n<p>26 Avenida, 9 Calle, Colonia Dubon, Apartado Postal#887, San Pedro Sula, Honduras.<br \/>\nTel.\u00a0<a href=\"tel:+5045502440\">+(504) 3310-7000<\/a>, <a href=\"tel:+5045502440\">+504 550 2440<\/a><\/p>\n<p style=\"text-align: center;\"><strong>P\u00e1rroco: R.P. Protopresb\u00edtero Jorge Faraj<\/strong><\/p>\n<p style=\"text-align: center;\">e-mail: <a href=\"mailto:fatheryiorgos@hotmail.com\">fatheryiorgos@hotmail.com<\/a><\/p>\n<p style=\"text-align: center;\"><strong>Sacerdote auxiliar: R.P. Presb\u00edtero Antonio Bandy<\/strong><\/p>\n<p style=\"text-align: center;\">e-mail: <a href=\"mailto:fatherantoniobandy@gmail.com\">fatherantoniobandy@gmail.com<\/a><br \/>\nTel.\u00a0<a href=\"tel:+50492838066\">+504 92838066<\/a><\/p>\n<h4 style=\"text-align: center;\">Horario Divina Liturgia<\/h4>\n<p style=\"text-align: center;\">Domingos a las 10:00 a.m. (los maitines empiezan una hora antes)<\/p>\n","protected":false},"excerpt":{"rendered":"<p>Iglesia Cat\u00f3lica Apost\u00f3lica Ortodoxa Antioquena de Honduras Est\u00e1 formada aproximadamente por m\u00e1s de 600 familias ortodoxas diseminadas a lo largo y ancho de la rep\u00fablica. Tiene una Catedral localizada en la ciudad de San Pedro Sula, al norte de Honduras, llevando el nombre de San Juan Bautista; es la \u00fanica Iglesia Ortodoxa en toda la [&hellip;]<\/p>\n","protected":false},"author":13,"featured_media":0,"parent":14651,"menu_order":3,"comment_status":"closed","ping_status":"closed","template":"","meta":{"_bbp_topic_count":0,"_bbp_reply_count":0,"_bbp_total_topic_count":0,"_bbp_total_reply_count":0,"_bbp_voice_count":0,"_bbp_anonymous_reply_count":0,"_bbp_topic_count_hidden":0,"_bbp_reply_count_hidden":0,"_bbp_forum_subforum_count":0},"_links":{"self":[{"href":"http:\/\/iglesiaortodoxa.org.mx\/informacion\/wp-json\/wp\/v2\/pages\/178"}],"collection":[{"href":"http:\/\/iglesiaortodoxa.org.mx\/informacion\/wp-json\/wp\/v2\/pages"}],"about":[{"href":"http:\/\/iglesiaortodoxa.org.mx\/informacion\/wp-json\/wp\/v2\/types\/page"}],"author":[{"embeddable":true,"href":"http:\/\/iglesiaortodoxa.org.mx\/informacion\/wp-json\/wp\/v2\/users\/13"}],"replies":[{"embeddable":true,"href":"http:\/\/iglesiaortodoxa.org.mx\/informacion\/wp-json\/wp\/v2\/comments?post=178"}],"version-history":[{"count":28,"href":"http:\/\/iglesiaortodoxa.org.mx\/informacion\/wp-json\/wp\/v2\/pages\/178\/revisions"}],"predecessor-version":[{"id":18610,"href":"http:\/\/iglesiaortodoxa.org.mx\/informacion\/wp-json\/wp\/v2\/pages\/178\/revisions\/18610"}],"up":[{"embeddable":true,"href":"http:\/\/iglesiaortodoxa.org.mx\/informacion\/wp-json\/wp\/v2\/pages\/14651"}],"wp:attachment":[{"href":"http:\/\/iglesiaortodoxa.org.mx\/informacion\/wp-json\/wp\/v2\/media?parent=178"}],"curies":[{"name":"wp","href":"https:\/\/api.w.org\/{rel}","templated":true}]}}