{"id":148,"date":"2009-11-18T14:01:18","date_gmt":"2009-11-18T20:01:18","guid":{"rendered":"http:\/\/www.iglesiaortodoxa.org.mx\/informacion\/?page_id=148"},"modified":"2024-02-29T17:12:48","modified_gmt":"2024-02-29T23:12:48","slug":"patriarcado-de-antioquia","status":"publish","type":"page","link":"http:\/\/iglesiaortodoxa.org.mx\/informacion\/patriarcado-de-antioquia\/patriarcado-de-antioquia\/","title":{"rendered":"Patriarcado de Antioqu\u00eda"},"content":{"rendered":"<p style=\"text-align: justify;\">La ciudad de Antioqu\u00eda se encuentra a 40 Km. al noroeste de la ciudad de Alepo en Siria, la ciudad hoy est\u00e1 en territorio turco. En la historia del cristianismo, Antioqu\u00eda ha gozado de una importancia tan significativa que san Pablo la consider\u00f3 como la puerta desde la cual sal\u00eda a sus giras evangelizadoras; \u00e9l, junto con el ap\u00f3stol Bernab\u00e9, empezaron a predicar en Antioqu\u00eda, y los Hechos de los Ap\u00f3stoles nos informa que &#8220;en Antioquia fue donde, por primera vez, los disc\u00edpulos recibieron el nombre de &#8216;cristianos'&#8221; (Hechos 11, 26). M\u00e1s a\u00fan, la tradici\u00f3n nos platica de que san Pedro se qued\u00f3 en Antioqu\u00eda ocho a\u00f1os para dar firmeza a la primera comunidad de esta importante ciudad, y luego parti\u00f3 a Roma donde alcanzar\u00eda el martirio.<\/p>\n<p>Desde el a\u00f1o 1342, por los m\u00faltiples desaf\u00edos que la ciudad tuvo que enfrentar -sismos, cruzadas, musulmanes, otomanos&#8230;- la sede patriarcal fue trasladada a Damasco, la ciudad m\u00e1s importante de la arquidi\u00f3cesis en aquel entonces y hasta hoy, pero el patriarcado conserv\u00f3 el t\u00edtulo de &#8220;Antioqu\u00eda&#8221;, siendo uno de los cinco patriarcados m\u00e1s antiguos determinados por el Primer Concilio Ecum\u00e9nico: Roma, Constantinopla, Alejandr\u00eda, Antioqu\u00eda y Jerusal\u00e9n.<\/p>\n<p style=\"text-align: center;\"><span style=\"color: #993300;\"><strong>El Santo S\u00ednido de la Iglesia Ortodoxa Antioquena<\/strong><\/span><\/p>\n<p><img loading=\"lazy\" class=\"aligncenter\" src=\"http:\/\/iglesiaortodoxa.org.mx\/informacion\/wp-content\/uploads\/\/sinodo3-1.jpg\" alt=\"\" width=\"353\" height=\"233\" \/><\/p>\n<p style=\"text-align: center;\"><span style=\"color: #993300;\"><strong>Su beatitud, Patriarca Juan X<\/strong><\/span><\/p>\n<p><img loading=\"lazy\" class=\"aligncenter\" src=\"http:\/\/iglesiaortodoxa.org.mx\/informacion\/wp-content\/uploads\/\/148656_4037496734147_573882858_n-1.jpg\" alt=\"\" width=\"353\" height=\"265\" \/><\/p>\n<p style=\"text-align: justify;\">La Iglesia Ortodoxa Antioquena es administrada por el s\u00ednodo local, que lo preside su Beatitud, el Patriarca Juan X con sede en Damasco, y que se conforma de los Metropolitanos y obispos de todas las arquidi\u00f3cesis que dependen del Patriarcado: 13 arquidi\u00f3cesis en Siria, L\u00edbano e Irak, y otros 7 que es encuentran en el mundo de la emigraci\u00f3n a lo largo de las Am\u00e9ricas, Europa y Australia.<\/p>\n<p>La Catedral de san Jorge en el Distrito Federal,\u00a0 La Catedral de San Pedro y San Pablo, en el Estado de M\u00e9xico contiene la c\u00e1tedra de su Eminencia el Arzobispo Ignacio Sama\u00e1n electo Metropolita el 3 de Octubre del 2017, reunidos alrededor del cual, en la Divina Eucarist\u00eda, actualizamos nuestra comuni\u00f3n con todas las iglesias locales ortodoxas del orbe; pues depender de la Iglesia Antioquena no nos separa de los dem\u00e1s iglesias ortodoxas, sino al contrario: confirma la unidad en la comuni\u00f3n y la autenticidad de la vida sacramental.<\/p>\n<p style=\"text-align: left;\"><a class=\"wp-caption\" href=\"http:\/\/www.antiochpatriarchate.org\/en\/home\/\" target=\"_blank\" rel=\"noopener\">El Patriarcado de Antioqu\u00eda<\/a><br \/>\n<a class=\"wp-caption\" href=\"http:\/\/www.alepporthodox.org\/\" target=\"_blank\" rel=\"noopener\">Arquidi\u00f3cesis de Alepo<\/a><br \/>\n<a class=\"wp-caption\" href=\"http:\/\/www.acoantioquena.com\/\" target=\"_blank\" rel=\"noopener\">Arquidi\u00f3cesis de Argentina<\/a><br \/>\n<a class=\"wp-caption\" href=\"http:\/\/www.antiochian.org.au\/\" target=\"_blank\" rel=\"noopener\">Arquidi\u00f3sesisde Australia y Nueva Zelanda<\/a><br \/>\n<a class=\"wp-caption\" target=\"_blank\" rel=\"noopener\">Arquidi\u00f3cesis de Beirut<\/a><br \/>\n<a class=\"wp-caption\" href=\"http:\/\/www.catedralortodoxa.com.br\/\" target=\"_blank\" rel=\"noopener\">Arquidi\u00f3sesis de Brasil<\/a><br \/>\n<a class=\"wp-caption\" href=\"http:\/\/www.chileortodoxo.cl\/\" target=\"_blank\" rel=\"noopener\">Arquidi\u00f3cesis de Chile<\/a><br \/>\n<a class=\"wp-caption\" href=\"http:\/\/www.antiocheurope.org\/\" target=\"_blank\" rel=\"noopener\">Arquidi\u00f3cesis de Europa Occidental<\/a><br \/>\n<a class=\"wp-caption\" href=\"http:\/\/www.himsorthodoxy.org\/\" target=\"_blank\" rel=\"noopener\">Arquidi\u00f3cesis de Homs<\/a><br \/>\n<a class=\"wp-caption\" href=\"http:\/\/www.antiochian.org\/\" target=\"_blank\" rel=\"noopener\">Arquidi\u00f3cesis de Norteam\u00e9rica<\/a><br \/>\n<a class=\"wp-caption\" href=\"http:\/\/www.ortmtlb.org.lb\/\" target=\"_blank\" rel=\"noopener\">Arquidi\u00f3cesis de monte L\u00edbano<\/a><br \/>\n<a class=\"wp-caption\" href=\"http:\/\/www.archorthotripoli.org\/\" target=\"_blank\" rel=\"noopener\">Arquidi\u00f3cesis de Tr\u00edpoli<\/a><br \/>\n<a class=\"wp-caption\" href=\"http:\/\/www.pyrgou.net\/\" target=\"_blank\" rel=\"noopener\">Di\u00f3cesis de Marmarita<\/a><\/p>\n","protected":false},"excerpt":{"rendered":"<p>La ciudad de Antioqu\u00eda se encuentra a 40 Km. al noroeste de la ciudad de Alepo en Siria, la ciudad hoy est\u00e1 en territorio turco. En la historia del cristianismo, Antioqu\u00eda ha gozado de una importancia tan significativa que san Pablo la consider\u00f3 como la puerta desde la cual sal\u00eda a sus giras evangelizadoras; \u00e9l, [&hellip;]<\/p>\n","protected":false},"author":13,"featured_media":0,"parent":109,"menu_order":1,"comment_status":"closed","ping_status":"closed","template":"","meta":{"_bbp_topic_count":0,"_bbp_reply_count":0,"_bbp_total_topic_count":0,"_bbp_total_reply_count":0,"_bbp_voice_count":0,"_bbp_anonymous_reply_count":0,"_bbp_topic_count_hidden":0,"_bbp_reply_count_hidden":0,"_bbp_forum_subforum_count":0},"_links":{"self":[{"href":"http:\/\/iglesiaortodoxa.org.mx\/informacion\/wp-json\/wp\/v2\/pages\/148"}],"collection":[{"href":"http:\/\/iglesiaortodoxa.org.mx\/informacion\/wp-json\/wp\/v2\/pages"}],"about":[{"href":"http:\/\/iglesiaortodoxa.org.mx\/informacion\/wp-json\/wp\/v2\/types\/page"}],"author":[{"embeddable":true,"href":"http:\/\/iglesiaortodoxa.org.mx\/informacion\/wp-json\/wp\/v2\/users\/13"}],"replies":[{"embeddable":true,"href":"http:\/\/iglesiaortodoxa.org.mx\/informacion\/wp-json\/wp\/v2\/comments?post=148"}],"version-history":[{"count":37,"href":"http:\/\/iglesiaortodoxa.org.mx\/informacion\/wp-json\/wp\/v2\/pages\/148\/revisions"}],"predecessor-version":[{"id":17859,"href":"http:\/\/iglesiaortodoxa.org.mx\/informacion\/wp-json\/wp\/v2\/pages\/148\/revisions\/17859"}],"up":[{"embeddable":true,"href":"http:\/\/iglesiaortodoxa.org.mx\/informacion\/wp-json\/wp\/v2\/pages\/109"}],"wp:attachment":[{"href":"http:\/\/iglesiaortodoxa.org.mx\/informacion\/wp-json\/wp\/v2\/media?parent=148"}],"curies":[{"name":"wp","href":"https:\/\/api.w.org\/{rel}","templated":true}]}}