{"id":139,"date":"2009-11-18T13:55:36","date_gmt":"2009-11-18T19:55:36","guid":{"rendered":"http:\/\/www.iglesiaortodoxa.org.mx\/informacion\/?page_id=139"},"modified":"2024-06-17T10:59:46","modified_gmt":"2024-06-17T16:59:46","slug":"iglesia-de-san-pedro-y-san-pablo","status":"publish","type":"page","link":"http:\/\/iglesiaortodoxa.org.mx\/informacion\/arquidiocesis\/parroquias\/mexico\/iglesia-de-san-pedro-y-san-pablo\/","title":{"rendered":"Catedral de San Pedro y San Pablo"},"content":{"rendered":"<p><img loading=\"lazy\" width=\"1601\" height=\"783\" class=\"aligncenter size-full wp-image-15331\" style=\"width: 500px;\" src=\"http:\/\/iglesiaortodoxa.org.mx\/informacion\/wp-content\/uploads\/\/comunidad-mexico-4-11-19_1.jpg\" alt=\"\" srcset=\"http:\/\/iglesiaortodoxa.org.mx\/informacion\/wp-content\/uploads\/comunidad-mexico-4-11-19_1.jpg 1601w, http:\/\/iglesiaortodoxa.org.mx\/informacion\/wp-content\/uploads\/comunidad-mexico-4-11-19_1-175x86.jpg 175w, http:\/\/iglesiaortodoxa.org.mx\/informacion\/wp-content\/uploads\/comunidad-mexico-4-11-19_1-300x147.jpg 300w, http:\/\/iglesiaortodoxa.org.mx\/informacion\/wp-content\/uploads\/comunidad-mexico-4-11-19_1-768x376.jpg 768w, http:\/\/iglesiaortodoxa.org.mx\/informacion\/wp-content\/uploads\/comunidad-mexico-4-11-19_1-1024x501.jpg 1024w\" sizes=\"(max-width: 1601px) 100vw, 1601px\" \/><\/p>\n<p style=\"text-align: left;\"><span style=\"color: #993300;\"><strong>La Primera Piedra de la Catedral<\/strong><\/span><\/p>\n<p><a href=\"http:\/\/iglesiaortodoxa.org.mx\/informacion\/2006\/01\/colocacion-de-la-primera-piedra-de-la-catedral-de-san-pedro-y-san-pablo\/\" target=\"_blank\" rel=\"noopener noreferrer\"><img loading=\"lazy\" class=\"alignleft wp-image-13098 size-full\" src=\"http:\/\/iglesiaortodoxa.org.mx\/informacion\/wp-content\/uploads\/\/primera_piedra_pequenia.jpg\" alt=\"\" width=\"290\" height=\"218\" srcset=\"http:\/\/iglesiaortodoxa.org.mx\/informacion\/wp-content\/uploads\/primera_piedra_pequenia.jpg 290w, http:\/\/iglesiaortodoxa.org.mx\/informacion\/wp-content\/uploads\/primera_piedra_pequenia-175x132.jpg 175w\" sizes=\"(max-width: 290px) 100vw, 290px\" \/><\/a><\/p>\n<p style=\"text-align: justify;\">La colocaci\u00f3n de la primera piedra de la Catedral se llev\u00f3 a cabo el d\u00eda 17 de Enero del 2006 con la presencia del se\u00f1or arzobispo de la Iglesia Ortodoxa Griega, su Eminencia Aten\u00e1goras, del obispo Antonio Alejo de la Iglesia Ortodoxa en Am\u00e9rica, del arzobispo primado de M\u00e9xico de la Iglesia Cat\u00f3lica Romana, cardenal Norberto Rivera Carrera, del obispo Georges Abi-Yunes, de la Iglesia Maronita, nuestro metropolita Antonio presidi\u00f3 el oficio de la colocaci\u00f3n de la primera piedra. Destacadas personalidades del \u00e1mbito pol\u00edtico del pa\u00eds, funcionarios p\u00fablicos, diplom\u00e1ticos, empresarios y periodistas, as\u00ed como miembros importantes de la comunidad ortodoxa fueron testigos de este memorable evento. Destacamos la presencia de la Sra. Marta Sahag\u00fan de Fox, primera dama, la del gobernador del Estado de M\u00e9xico, licenciado Enrique Pe\u00f1a, y del jefe de gobierno, el Licenciado Alejandro Encinas, entre otros.<\/p>\n<p style=\"text-align: left;\"><span style=\"color: #993300;\"><strong>Consagraci\u00f3n de la Catedral<\/strong><\/span><\/p>\n<p><a href=\"http:\/\/iglesiaortodoxa.org.mx\/informacion\/2011\/01\/consagracion-de-catedral\/\" target=\"_blank\" rel=\"noopener noreferrer\"><img loading=\"lazy\" class=\"wp-image-3449 size-medium alignright\" src=\"http:\/\/iglesiaortodoxa.org.mx\/informacion\/wp-content\/uploads\/\/DSC06581-300x225.jpg\" alt=\"\" width=\"300\" height=\"225\" srcset=\"http:\/\/iglesiaortodoxa.org.mx\/informacion\/wp-content\/uploads\/DSC06581-300x225.jpg 300w, http:\/\/iglesiaortodoxa.org.mx\/informacion\/wp-content\/uploads\/DSC06581.JPG 570w\" sizes=\"(max-width: 300px) 100vw, 300px\" \/><\/a><\/p>\n<p style=\"text-align: justify;\">El d\u00eda 16 de Enero del 2011 se llev\u00f3 a cabo la Consagraci\u00f3n del templo, ubicado en el fraccionamiento Bosque Real en Huixquilucan en el Estado de M\u00e9xico, ha sido dedicado a la memoria de los Santos Ap\u00f3stoles Pedro y Pablo; en un acto lit\u00fargico presidido por su Eminencia Reverend\u00edsima Antonio Chedraoui. En esta ocasi\u00f3n nos honraron con su presencia y concelebraci\u00f3n los se\u00f1ores arzobispos miembros del Santo S\u00ednodo de Antioqu\u00eda, Sus Eminencias: Sergio Abad (Chile), Damaskin\u00f3s Mansour (Brasil), Paul Saliba (Australia), George Abou Zakhem (Homs, Siria), Pablo Yazigy (Alepo, Siria), Silu\u00e1n Muci (Argentina), y Juan Yazigy (Europa Occidental).\u00a0 Se suman al episcopado antioqueno Su Gracia Ghattas Hazim Vicario Patriarcal y Decano del Instituto de Teolog\u00eda \u201cSan Juan de Damasco\u201d y Su Gracia Antonio Khoury, Obispo de Florida de la Arquidi\u00f3cesis de Norte Am\u00e9rica. Asimismo, concelebraron prelados ortodoxos de otras jurisdicciones: Su Gracia el Obispo Alejo Pacheco de la Iglesia Ortodoxa de Am\u00e9rica y el Protopresb\u00edtero Nicol\u00e1s en representaci\u00f3n de Su Eminencia el Arzobispo Aten\u00e1goras Anastasiadis del Patriarcado Ecum\u00e9nico. Como clero invitado destacamos la presencia de Monse\u00f1or George Saad Abi Younes, Obispo de la Di\u00f3cesis Maronita de M\u00e9xico y del Reverendo Padre Zacar\u00edas El Baramousy de la Iglesia Copta Ortodoxa<\/p>\n<p style=\"text-align: left;\"><span style=\"color: #993300;\"><strong>Apertura de la Catedral<\/strong><\/span><\/p>\n<p><a href=\"http:\/\/iglesiaortodoxa.org.mx\/informacion\/2011\/10\/la-nueva-catedral-abre-sus-puertas\/\" target=\"_blank\" rel=\"noopener noreferrer\"><img loading=\"lazy\" class=\"wp-image-4659 size-medium alignleft\" src=\"http:\/\/iglesiaortodoxa.org.mx\/informacion\/wp-content\/uploads\/\/18a1-300x225.jpg\" alt=\"\" width=\"300\" height=\"225\" srcset=\"http:\/\/iglesiaortodoxa.org.mx\/informacion\/wp-content\/uploads\/18a1-300x225.jpg 300w, http:\/\/iglesiaortodoxa.org.mx\/informacion\/wp-content\/uploads\/18a1.jpg 768w\" sizes=\"(max-width: 300px) 100vw, 300px\" \/><\/a><\/p>\n<p style=\"text-align: justify;\">Con ocasi\u00f3n del inicio de las celebraciones lit\u00fargicas y el trabajo pastoral en la Catedral de San Pedro y San Pablo y en el marco de la celebraciones por la reciente consagraci\u00f3n del nuevo Obispo Auxiliar, Su Excelencia Monse\u00f1or Ignacio (Sama\u00e1n), Su Eminencia Metropolita Antonio, Arzobispo de nuestra Arquidi\u00f3cesis presidi\u00f3 la Divina Liturgia el domingo 16 de octubre del 2011 en la nueva Catedral. Fue acompa\u00f1ado por Su Gracia, Obispo Alejo Pacheco, de la Iglesia Ortodoxa de Am\u00e9rica O.C.A. (por sus iniciales en ingl\u00e9s) y Su Excelencia Ignacio, junto con los sacerdotes y di\u00e1conos \u00a0de\u00a0 la ciudad de M\u00e9xico. As\u00ed mismo se cont\u00f3 con la presencia de varias personalidades de la vida nacional\u00a0 y desde luego con\u00a0 la participaci\u00f3n de un gran n\u00famero de feligreses.<\/p>\n<p>En su homil\u00eda, Sayedna Antonio dio la bienvenida a Su Excelencia Ignacio en su calidad de Obispo Auxiliar, enfatizando la trayectoria de su trabajo en la Iglesia en M\u00e9xico y dando a conocer \u00a0el perfil de su nueva labor en asistir y atender las parroquias de la Arquidi\u00f3cesis que se encuentran en Venezuela y en las islas del Caribe. De igual forma, Su Eminencia dio la bienvenida al Lic. Eruviel \u00c1vila, Gobernador del Estado de M\u00e9xico, quien estaba presente en la Liturgia y a todos los secretarios, embajadores y \u00a0l\u00edderes de diferentes asociaciones civiles y, desde luego, a toda la feligres\u00eda. Con emotivas palabras agradeci\u00f3 a todos los que contribuyeron directa o indirectamente en la construcci\u00f3n de la catedral; enfatiz\u00f3 en \u00a0la importancia de hacer de la Iglesia el centro de nuestra vida, ya que \u201cla Iglesia es la reuni\u00f3n de los fieles que garantiza la Presencia divina: si la construcci\u00f3n es importante, la reuni\u00f3n lo es a\u00fan m\u00e1s\u201d. Como gesto de agradecimiento al Sr. Gobernador por su apoyo, Su Eminencia \u00a0le obsequi\u00f3 un icono de la Madre de Dios hecho por las monjas en el monasterio de San Antonio el Grande, en Jilotepec.<\/p>\n<p>Por su parte, Monse\u00f1or Ignacio expres\u00f3 con calidez su gratitud a Su Eminencia \u201cpor todo lo que he vivido a su lado durante estos diez a\u00f1os que pasaron; espero corresponder a la misi\u00f3n que se me ha encomendado, a su confianza, con sus oraciones y siempre con su ayuda y consejo\u201d.<\/p>\n<p>Al finalizar la Divina Liturgia, todos los asistentes se reunieron alrededor del banquete que Su Eminencia ofreci\u00f3 en honor del Obispo Ignacio.<\/p>\n<p>Elevamos nuestras plegarias para que la apertura de la nueva Catedral traiga abundancia de frutos espirituales \u00a0en la vida de nuestra Iglesia.<\/p>\n<p>&nbsp;<\/p>\n<p style=\"text-align: center;\"><span style=\"color: #993300;\"><strong>Catedral de San Pedro y San Pablo, Estado de M\u00e9xico.<\/strong><\/span><\/p>\n<p style=\"text-align: center;\">Catedral San Pedro y San Pablo, fracc. Bosque Real, LT. 5, MZ. 2, Huixquilucan, Edo.Mex. CP.52774.<br \/>\nTel.\u00a0<a href=\"tel:+525553048257\">+52 (55)9155-7322<\/a><\/p>\n<p style=\"text-align: center;\"><strong>P\u00e1rroco Reverend\u00edsimo Archimandrita Andr\u00e9s M\u00e1rcos<\/strong><\/p>\n<p style=\"text-align: center;\">e-mail <a href=\"mailto:catedral@iglesiaortodoxa.org.mx\">catedral@iglesiaortodoxa.org.mx<\/a><\/p>\n<h4 style=\"text-align: center;\">Horario Divina Liturgia<\/h4>\n<p style=\"text-align: center;\">Domingos a las 12:00 p.m. (los maitines empiezan una hora antes)<\/p>\n","protected":false},"excerpt":{"rendered":"<p>La Primera Piedra de la Catedral La colocaci\u00f3n de la primera piedra de la Catedral se llev\u00f3 a cabo el d\u00eda 17 de Enero del 2006 con la presencia del se\u00f1or arzobispo de la Iglesia Ortodoxa Griega, su Eminencia Aten\u00e1goras, del obispo Antonio Alejo de la Iglesia Ortodoxa en Am\u00e9rica, del arzobispo primado de M\u00e9xico [&hellip;]<\/p>\n","protected":false},"author":13,"featured_media":0,"parent":27,"menu_order":2,"comment_status":"closed","ping_status":"closed","template":"","meta":{"_bbp_topic_count":0,"_bbp_reply_count":0,"_bbp_total_topic_count":0,"_bbp_total_reply_count":0,"_bbp_voice_count":0,"_bbp_anonymous_reply_count":0,"_bbp_topic_count_hidden":0,"_bbp_reply_count_hidden":0,"_bbp_forum_subforum_count":0},"_links":{"self":[{"href":"http:\/\/iglesiaortodoxa.org.mx\/informacion\/wp-json\/wp\/v2\/pages\/139"}],"collection":[{"href":"http:\/\/iglesiaortodoxa.org.mx\/informacion\/wp-json\/wp\/v2\/pages"}],"about":[{"href":"http:\/\/iglesiaortodoxa.org.mx\/informacion\/wp-json\/wp\/v2\/types\/page"}],"author":[{"embeddable":true,"href":"http:\/\/iglesiaortodoxa.org.mx\/informacion\/wp-json\/wp\/v2\/users\/13"}],"replies":[{"embeddable":true,"href":"http:\/\/iglesiaortodoxa.org.mx\/informacion\/wp-json\/wp\/v2\/comments?post=139"}],"version-history":[{"count":50,"href":"http:\/\/iglesiaortodoxa.org.mx\/informacion\/wp-json\/wp\/v2\/pages\/139\/revisions"}],"predecessor-version":[{"id":18612,"href":"http:\/\/iglesiaortodoxa.org.mx\/informacion\/wp-json\/wp\/v2\/pages\/139\/revisions\/18612"}],"up":[{"embeddable":true,"href":"http:\/\/iglesiaortodoxa.org.mx\/informacion\/wp-json\/wp\/v2\/pages\/27"}],"wp:attachment":[{"href":"http:\/\/iglesiaortodoxa.org.mx\/informacion\/wp-json\/wp\/v2\/media?parent=139"}],"curies":[{"name":"wp","href":"https:\/\/api.w.org\/{rel}","templated":true}]}}