{"id":13058,"date":"2017-10-30T20:11:12","date_gmt":"2017-10-31T02:11:12","guid":{"rendered":"http:\/\/iglesiaortodoxa.org.mx\/informacion\/?page_id=13058"},"modified":"2024-02-29T16:50:14","modified_gmt":"2024-02-29T22:50:14","slug":"entronizacion","status":"publish","type":"page","link":"http:\/\/iglesiaortodoxa.org.mx\/informacion\/metropolita\/entronizacion\/","title":{"rendered":"Entronizaci\u00f3n"},"content":{"rendered":"<p style=\"text-align: center;\"><img loading=\"lazy\" class=\"aligncenter wp-image-7662\" title=\"400050_4489088100359_1971303023_n\" src=\"http:\/\/iglesiaortodoxa.org.mx\/informacion\/wp-content\/uploads\/\/23132046_1476932102361217_719808886025857450_n-1-1.jpg\" alt=\"\" width=\"380\" height=\"400\" \/><\/p>\n<p style=\"text-align: justify;\">El s\u00e1bado 4 de noviembre, Su Beatitud el Patriarca Juan X de Antioqu\u00eda presidi\u00f3 el oficio de acci\u00f3n de Gracias en la Catedral San Jorge en la ciudad de M\u00e9xico, al finalizar de la cual se realiz\u00f3 la entronizaci\u00f3n de S.E.R. Metropolita Ignacio como arzobispo de la Arquidi\u00f3cesis de M\u00e9xico, Venezuela, Centroam\u00e9rica y el Caribe.<\/p>\n<p style=\"text-align: justify;\">Antes de entregar el b\u00e1culo pastoral a Monse\u00f1or Ignacio, Su Beatitud felicit\u00f3 a los presentes por la elecci\u00f3n del Metropolita Ignacio, destac\u00f3 el sentido de la Iglesia como familia y la labor mancomunada que se vive en toda la Arquidi\u00f3cesis, sin olvidar de mencionar la labor del Metropolita Antonio Chedraoui de eterna memoria.<\/p>\n<p>Despu\u00e9s de recibir el b\u00e1culo pastoral de su Beatitud, el Metropolita Ignacio realiz\u00f3 un discurso en el cual llam\u00f3 a toda la feligres\u00eda de servir a Cristo y a la Iglesia, porque &#8220;Dios es digno&#8221; de nuestra labor y sacrificios. Tambi\u00e9n dirigi\u00f3 palabras paternas al clero, las comisiones de la arquidi\u00f3cesis como as\u00ed tambi\u00e9n a la juventud. Hizo hincapi\u00e9 en la relaci\u00f3n que une la arquidi\u00f3cesis con el Patriarcado, el testimonio que dan los cristianos en Medio Oriente, la labor del Patriarca Juan X y su defensa por la paz, la convivencia y el testimonio cristiano en Medio Oriente.<\/p>\n<p>Participaron de la celebraci\u00f3n los jerarcas antioquenos el Arzobispo Sergio Abad (Chile),\u00a0 Arzobispo Silu\u00e1n Muci(Argentina),\u00a0 el Arzobispo Alejo de la Iglesia Ortodoxa en America (M\u00e9xico) el Obispo Basilio Issa (de la di\u00f3cesis de Am\u00e9rica del Norte), el obispo Romanos Daoud (de la di\u00f3cesis de Brasil), se tuvo la presencia de el Sr. Cardenal Norberto Rivera de la Iglesia Cat\u00f3lica Apost\u00f3lica Romana de M\u00e9xico y Monse\u00f1or Georges Saad Abi Younes Obispo de la Orden Maronita de M\u00e9xico\u00a0 as\u00ed como\u00a0 los Sacerdotes, Di\u00e1conos y feligreses de la Arquidi\u00f3cesis.<\/p>\n<p style=\"text-align: center;\"><span style=\"color: #993300;\"><strong>Discurso de Entronizaci\u00f3n de Su Eminencia\u00a0 Arzobispo Ignacio Sama\u00e1n<\/strong><\/span><\/p>\n<p style=\"text-align: justify;\">El d\u00eda 4 octubre, muy de ma\u00f1ana con forme al horario de Caracas, recibo la llamada de su Beatitud\u00a0 el patriarca Juan X, en la cual me informa que hab\u00eda sido electo como Arzobispo de\u00a0 M\u00e9xico, Venezuela, Centroam\u00e9rica \u00a0y el Caribe. As\u00ed a trav\u00e9s\u00a0 de\u00a0 su dulce y amorosa voz de Sayedna, el Santo S\u00ednodo me inform\u00f3 de mi elecci\u00f3n para semejante dignidad. Me siento \u00a0comprometido infinitamente ante su confianza y la de los\u00a0 Padres del S\u00ednodo. Pero no sin antes encomendarme a sus santas oraciones para que la gracia de Dios que perfecciona en lo que hace falta \u00a0compense mi debilidad y fortifique mi caminar.<\/p>\n<p>A partir de aquel momento recib\u00ed muchas felicitaciones y gestos de cari\u00f1o los cuales agradezco infinitamente y los que se resum\u00edan con una sola palabra en diferentes idiomas la cual dijeron ahora Axios! Digno Mustahab me confund\u00ed y pensaba al igual que ahora quien es digno de servir a semejanza del sumo Sacerdote que soberbia es esta la que me trata de convencer de que soy Digno. Luego me advert\u00ed del sentido Real de la expresi\u00f3n que todos me dec\u00edan y me escrib\u00edan, y me di un respiro profundo porque no fue esto un elogio dirigido a mi persona sino un grito de \u00e1nimo el Digno no se refer\u00eda a m\u00ed, sino a aquel\u00a0 a quien servimos.<\/p>\n<p>Digno es Dios de todo sacrificio y de todo esfuerzo que has ofrecido y ofrecer\u00e1s me dec\u00eda. Digno es Dios del tiempo y del espacio que has consagrado y consagrar\u00e1s me dec\u00eda. \u00bfPorque la humildad?, \u00bfporque el perd\u00f3n? \u00bfQu\u00e9 sentido tiene despojarse uno de s\u00ed mismo? es porque Dios es Digno. As\u00ed pues al entender bien sus felicitaciones ya no me aprisionaba ning\u00fan temor de indignidad,\u00a0 m\u00e1s bien me animaban a lanzarme a esta llama pastoral a donde yo los quiero por mi parte animar tambi\u00e9n. Yo les quiero animar a ustedes y decirles Digno es Dios de todo sacrificio de todo compromiso tuyo de tu familia y de tus hijos, Digno es Dios de las primicias de tus tiempos y de los espacios m\u00e1s hermosos de tu vida. Esta dignidad de Dios ser\u00e1 el coraz\u00f3n de mi proyecto pastoral entre ustedes.<\/p>\n<p>Cuando yo voy entre ustedes a predicar mi presencia no es una presencia que busca ser la persona a quien ustedes van a acudir no es que cuando necesitan algo tienen que recurrir a lo espiritual o alg\u00fan apoyo tienen que recurrir al Arzobispo, mi labor es que ustedes sean el lugar, ustedes como cuerpo de Cristo como Iglesia sean el lugar a donde se acude para poner el\u00a0 apoyo para buscar todo lo que se necesita espiritualmente y todo lo que se necesita de apoyo, ustedes son el cuerpo de Cristo y todos juntos vamos a ser este oasis espiritual donde descansa toda alma que lo necesita.<\/p>\n<p>Entonces voy a decir a los Reverendos Padres, Pastores de esta Arquidi\u00f3cesis les voy a decir no desfallezcan, mas bien con creatividad luzcan en el pastoreo de la grey gui\u00e1ndola en el amor de Dios, el merece todo honor de parto que sufran hasta engendrar a hijos de la luz yo personalmente conozco en esta Arquidi\u00f3cesis la labor de los padres, el esfuerzo que est\u00e1n haciendo todos y cada uno de ellos sea aqu\u00ed en M\u00e9xico donde la sociedad donde esta grey es una grey tradicional que ha venido de mucho tiempo los padres trabajando visitando familias tratando de acercarlos a la Iglesia y as\u00ed ha sido siempre, conozco la labor de los Padres en Venezuela que se est\u00e1n sacrificando y ustedes saben la situaci\u00f3n en Venezuela el d\u00eda de hoy est\u00e1n dando de su tiempo est\u00e1n invirtiendo su vida all\u00e1 para que la gente tenga acceso a los sacramentos y a la palabra de Dios conforme a la tradici\u00f3n que ellos aman yo conozco la labor de los Padres en Venezuela, conozco los viajes de los Padres en el Caribe que han sido verdaderos Ap\u00f3stoles, conozco como viajan de una isla a otra muchas veces sin tener recursos, sin tener posibilidad digna como debe de ser pero lo hacen por amor a Cristo que all\u00e1 est\u00e1n para dar testimonio de su fe. Conozco a los Padres que est\u00e1n en Honduras y en Guatemala todo su esfuerzo y sacrificio y valoro todo eso pero tambi\u00e9n reconozco la respuesta del pueblo de Dios amado que siempre los ha ungido y digo a todos los miembros de la Iglesia.<\/p>\n<p>Digo a los Consejos y a los miembros de estos Consejos, \u00a0les quiero decir que sea la Iglesia su preocupaci\u00f3n y su ocupaci\u00f3n ella merece un inter\u00e9s no menor al de sus negocios no menor al de sus hogares y de sus entretenimientos m\u00e1s bien ella los santifica es decir los hace lucir los hace brillar en el esp\u00edritu y en este aspecto quiero felicitar a los consejos y los miembros de la comunidad, el consejo pastoral de esta parroquia, las Damas por la labor que est\u00e1n haciendo para llevar a cabo este evento en la recepci\u00f3n de Su Beatitud reconozco dos valores que he visto muy de cerca primero la alegr\u00eda, est\u00e1n haciendo las cosas con mucha alegr\u00eda, eso es lo que queremos buscar en la Iglesia somos Iglesia de Resurrecci\u00f3n y todo lo que hacemos debe ser en alegr\u00eda y esto lo he visto en sus rostros en su sonrisa en su alegr\u00eda al recibir a Su Beatitud y me da mucha alegr\u00eda conocer de su alegr\u00eda. Y lo segundo que me ha fascinado de su actitud es que ustedes saben dar el honor de cada uno al otro, no est\u00e1n buscando cada uno su propio honor si no que cada uno busca el honor de la otra persona y as\u00ed todos salimos honrados, eso es muy bello. As\u00ed dice San Pablo: Honren el uno al otro y as\u00ed lo est\u00e1n haciendo lo valoro muy bien y reconozco que todas las parroquias el d\u00eda de hoy vinieron de Guatemala, de Honduras, tambi\u00e9n pidieron la bendici\u00f3n de Su Beatitud en Venezuela que no pudieron venir por la situaci\u00f3n, del Caribe tambi\u00e9n y reconozco que cada parroquia est\u00e1 conociendo la necesidad de ella.<\/p>\n<p>Los de M\u00e9xico supieron dirigir a Su Beatitud las palabras el d\u00eda de Hoy y decirle que es lo que necesitan, que necesitan sobre todo a sus hijos y a sus familias en la Iglesia que necesitan sobre todo acercarse humildemente, todas las familias de la Iglesia acercarse a la Iglesia eso ustedes lo expresaron el d\u00eda de hoy los que vinieron con Su Beatitud. Reconozco toda esta iniciativa y este paso que est\u00e1n dando que desde luego es un paso bendecido por sus padres y abuelos y por todos los padres que hayan trabajado desde antes.<\/p>\n<p>A nuestros queridos j\u00f3venes y a todos los adolescentes y todos somos j\u00f3venes, \u00a0les quiero decir \u201cDios es Bello\u201d desde que ten\u00edamos la edad de los j\u00f3venes as\u00ed lo percib\u00edamos, y no nos arrepentimos de eso, Dios quiera y se les conceda el conocerlo, vivirlo y que lo amen al doble que nosotros y que lo sirvan en sus vidas mejor que nosotros y \u00bfporque no? queremos ver de nuestras familias a vocaciones, queremos que ofrezcan de sus hijos jovenes que amen a Dios sobre todas las cosas y que busquen servirlo y ser sacerdotes es un reto nuestro de aqu\u00ed a unos a\u00f1os que \u00a0tengamos aqu\u00ed entre nosotros de sus hijos Padres en estas parroquias amadas en el Se\u00f1or.<\/p>\n<p>La tierra de esta Arquidi\u00f3cesis en M\u00e9xico Venezuela Guatemala Honduras los pa\u00edses de Centroam\u00e9rica y del caribe es f\u00e9rtil en la virtud y en la mansedumbre gracias a la semilla de la recta fe que los primeros inmigrantes sus padres y abuelos trajeron con ellos esta primera siembra creci\u00f3 a lo largo de los a\u00f1os especialmente gracias a la labor de muchos cl\u00e9rigos y laicos en especial quiero mencionar la labor del siempre recordado y de eterna memoria Arzobispo Antonio Chedraoui, ni un d\u00eda pasa sin que venga su memoria a nuestra mente, \u00a0no nada m\u00e1s por su afecto paternal con el cual nos abrazaba sino tambi\u00e9n por su entrega y celo por el servicio por su clara convicci\u00f3n al respecto de las causas de la Iglesia, de la sociedad y de la naci\u00f3n.<\/p>\n<p>As\u00ed pues que todo lo que se ha fundado con fatigas y sinceridad en este amado pa\u00eds y en toda la Arquidi\u00f3cesis ser\u00e1 la br\u00fajula que direccione nuestro compromiso para con el servicio a todo pr\u00f3jimo, tambi\u00e9n para el compromiso\u00a0 con nuestros hermanos cristianos tanto en las otras iglesias ortodoxas como con la Iglesia Cat\u00f3lica Romana expresamos aqu\u00ed nuestro sincero cari\u00f1o y respeto a Su Eminencia Se\u00f1or Cardenal Norberto Rivera y le agradecemos por todas las iniciativas siempre amorosas y cari\u00f1osas con afecto y de la misma manera miramos a un trabajo pastoral en com\u00fan con la Iglesia Maronita representada en la persona de su Excelencia querid\u00edsimo Obispo George Abi Younes a quien agradecemos el d\u00eda de hoy tambi\u00e9n que est\u00e1 tambi\u00e9n junto con el Cardenal con nosotros.<\/p>\n<p>No olvidar\u00e9 enfatizar el firme compromiso de esta Arquidi\u00f3cesis hacia el Bled la Madre Patria y a nuestra Iglesia Antioquena que siempre fue una preocupaci\u00f3n principal del siempre recordado Arzobispo Antonio al respecto nosotros apreciamos el empe\u00f1o de Su Beatitud para que los fieles en la tierra madre y aqu\u00ed en estas tierras de la propagaci\u00f3n permanezcan en un solo esp\u00edritu ya que \u201cCon el amor se armoniza la edificaci\u00f3n\u201d como lo expresa h\u00e1bilmente el Lema dedicado a su ministerio Apost\u00f3lico, inspirados por este mismo Lema \u201cCon el Amor se armoniza la edificaci\u00f3n\u201d trabajaremos para conservar nuestra presencia en la madre tierra en la madre patria y para que esta permanezca presente en nuestra propagaci\u00f3n por el mundo asumimos as\u00ed el cuidado de Su Beatitud sobre el derecho de nuestros pueblos por la paz y el libre desarrollo un mensaje que usted ha subrayado en su \u00faltima gira en los Estados Unidos Americanos especialmente en Washington y en la sede de las Naciones Unidas en Nueva York tambi\u00e9n nos sumamos a su constante reclamo a favor de la presencia y el testimonio Cristianos\u00a0 en el Oriente\u00a0 y de la convivencia sana lejos del esp\u00edritu del fanatismo y del aislamiento.<\/p>\n<p>Damasco mi ciudad donde nac\u00ed all\u00e1 quiero dirigir mis saludos aunque sea a traes de la c\u00e1mara les voy a decir en \u00c1rabe \u201cA mis queridos hermanos y familiares en Damasco a mi querida familia a mis Padres y hermanos, a mi querida parroquia a mi querida Iglesia en Damasco donde crec\u00ed y labor\u00e9 como joven y cant\u00e9 tambi\u00e9n como bien a mencionado Su Beatitud a mis propios Padres y mis propios hermanos que no pudieron estar conmigo hoy y estoy cierto que ellos rezan por mi ahora pese a que ya paso la media noche all\u00e1 quiero decirles que todos ustedes est\u00e1n en mi coraz\u00f3n y quiero agradecer a mis familiares que vinieron de Estados Unidos para acompa\u00f1arme hoy, quiero agradecer al monasterio de Balamand y a la facultad de Teolog\u00eda San Juan Damasceno donde he crecido, he estudiado\u00a0\u00a0 y he aprendido con mucho cari\u00f1o y con mucho afecto, y tambi\u00e9n agradecer y pedir las oraciones de todos los que son hoy Padres, Obispos y Arzobispos en nuestra sede antioquena y que estuvimos juntos en Balamand, en especial hacer menci\u00f3n pido las oraciones de quien es secuestrado hoy Su Eminencia Reverend\u00edsima Monse\u00f1or Pablo de Alepo quien era en su momento decano de la facultad de Teolog\u00eda y Abad del Monasterio de Nuestra Se\u00f1ora del Balamand desde el lugar en donde se encuentra hoy ya secuestrado desde cuatro a\u00f1os y medio casi pido sus oraciones. A su Beatitud el de eterna memoria Patriarca de Antioqu\u00eda Ignacio IV quien me orden\u00f3 Di\u00e1cono, Sacerdote y Obispo junto a otros reverendos y eminent\u00edsimos jerarcas pido por el descanso de su Alma en la morada de Dios.\u201d<\/p>\n<p>Su Beatitud, su presencia dulce y amorosa hoy entre nosotros junto con los reverend\u00edsimos hermanos, Arzobispos y Obispos a quien agradezco en lo profundo de mi coraz\u00f3n Sayedna Sergios, Sayedna Siluan, Sayedna Basilio Issa, Sayedna Romanos, y a todos los reverendos Padres que est\u00e1n hoy y a su presencia que nos ha bendecido tambi\u00e9n con su participaci\u00f3n llevan en si la carga del martirio que nuestros hermanos antioquenos como nosotros no han cesado de ofrecer. Quien mejor que usted para representar este testimonio cristiano de martirio con sus fatigas, paciencia y labor tanto apost\u00f3lico como filantr\u00f3pico no me puedo olvidar en este sentido como he dicho el sufrimiento que viven nuestros hermanos en Medio Oriente, en Siria, L\u00edbano, Irak y Palestina y hacer hincapi\u00e9 en el dolor que nos causa el secuestro hasta hoy de su hermano en el cuerpo el amado Arzobispo Pablo de Alepo junto con el Arzobispo Juan y todos los secuestrados y adoloridos.<\/p>\n<p>La presencia de Su Beatitud despierta en nosotros\u00a0 anhelo a aprender y a imitar su testimonio por ello aun estando aqu\u00ed a m\u00e1s de 12 mil Kil\u00f3metros he aqu\u00ed nuestros manos mexicanas escribieron una r\u00e9plica del Icono de la Virgen de Antioqu\u00eda un Icono que se encuentra en Chipre dedicado a la protecci\u00f3n de Antioqu\u00eda la gran Ciudad de Dios acepta pues nuestro compromiso junto a \u00e9l, este Icono ofrecido por sus hijos de esta Arquidi\u00f3cesis quienes elevan las suplicas a la Madre de Dios por su salud y fortaleza en el ministerio Apost\u00f3lico predicando rectamente la Palabra de la Verdad, este Icono est\u00e1 pintado por manos Mexicanos sobre un cedro como el Cedro del L\u00edbano y con la ropa de la Virgen adornada con la t\u00e9cnica de la escuela de Alepo, es una mezcla Antioquena de la propagaci\u00f3n y de la tierra madre. Ac\u00e9ptala y decimos con ella, por muchos A\u00f1os Su Beatitud y desde el coraz\u00f3n gracias y bienvenido a M\u00e9xico<\/p>\n<div class=\"container mb-1 mt-5\">\n<div class=\"row\">\n<div class=\"col-sm-12\"><iframe style=\"width: 100%; height: 400px;\" src=\"https:\/\/www.youtube.com\/embed\/gqHBDa_oyMo\"><br \/>\n<\/iframe><\/div>\n<\/div>\n<\/div>\n<p>&nbsp;<\/p>\n<p>&nbsp;<\/p>\n<p>&nbsp;<\/p>\n","protected":false},"excerpt":{"rendered":"<p>El s\u00e1bado 4 de noviembre, Su Beatitud el Patriarca Juan X de Antioqu\u00eda presidi\u00f3 el oficio de acci\u00f3n de Gracias en la Catedral San Jorge en la ciudad de M\u00e9xico, al finalizar de la cual se realiz\u00f3 la entronizaci\u00f3n de S.E.R. Metropolita Ignacio como arzobispo de la Arquidi\u00f3cesis de M\u00e9xico, Venezuela, Centroam\u00e9rica y el Caribe. [&hellip;]<\/p>\n","protected":false},"author":13,"featured_media":0,"parent":104,"menu_order":3,"comment_status":"closed","ping_status":"closed","template":"","meta":{"_bbp_topic_count":0,"_bbp_reply_count":0,"_bbp_total_topic_count":0,"_bbp_total_reply_count":0,"_bbp_voice_count":0,"_bbp_anonymous_reply_count":0,"_bbp_topic_count_hidden":0,"_bbp_reply_count_hidden":0,"_bbp_forum_subforum_count":0},"_links":{"self":[{"href":"http:\/\/iglesiaortodoxa.org.mx\/informacion\/wp-json\/wp\/v2\/pages\/13058"}],"collection":[{"href":"http:\/\/iglesiaortodoxa.org.mx\/informacion\/wp-json\/wp\/v2\/pages"}],"about":[{"href":"http:\/\/iglesiaortodoxa.org.mx\/informacion\/wp-json\/wp\/v2\/types\/page"}],"author":[{"embeddable":true,"href":"http:\/\/iglesiaortodoxa.org.mx\/informacion\/wp-json\/wp\/v2\/users\/13"}],"replies":[{"embeddable":true,"href":"http:\/\/iglesiaortodoxa.org.mx\/informacion\/wp-json\/wp\/v2\/comments?post=13058"}],"version-history":[{"count":20,"href":"http:\/\/iglesiaortodoxa.org.mx\/informacion\/wp-json\/wp\/v2\/pages\/13058\/revisions"}],"predecessor-version":[{"id":17838,"href":"http:\/\/iglesiaortodoxa.org.mx\/informacion\/wp-json\/wp\/v2\/pages\/13058\/revisions\/17838"}],"up":[{"embeddable":true,"href":"http:\/\/iglesiaortodoxa.org.mx\/informacion\/wp-json\/wp\/v2\/pages\/104"}],"wp:attachment":[{"href":"http:\/\/iglesiaortodoxa.org.mx\/informacion\/wp-json\/wp\/v2\/media?parent=13058"}],"curies":[{"name":"wp","href":"https:\/\/api.w.org\/{rel}","templated":true}]}}