{"id":104,"date":"2009-11-18T13:37:25","date_gmt":"2009-11-18T19:37:25","guid":{"rendered":"http:\/\/www.iglesiaortodoxa.org.mx\/informacion\/?page_id=104"},"modified":"2024-04-18T21:11:00","modified_gmt":"2024-04-19T03:11:00","slug":"metropolita","status":"publish","type":"page","link":"http:\/\/iglesiaortodoxa.org.mx\/informacion\/metropolita\/","title":{"rendered":"Metropolita"},"content":{"rendered":"<h2 style=\"text-align: center;\"><span style=\"color: #800000;\">\u00a0S.E.R\u00a0<\/span><span style=\"color: #800000;\">Metropolita Ignacio Sama\u00e1n\u00a0<\/span><\/h2>\n<p>&nbsp;<\/p>\n<h2 style=\"text-align: center;\"><img loading=\"lazy\" class=\"aligncenter wp-image-14822\" src=\"http:\/\/iglesiaortodoxa.org.mx\/informacion\/wp-content\/uploads\/\/imagenoficialfinalpequenia--250x300.png\" alt=\"\" width=\"350\" height=\"420\" srcset=\"http:\/\/iglesiaortodoxa.org.mx\/informacion\/wp-content\/uploads\/imagenoficialfinalpequenia--250x300.png 250w, http:\/\/iglesiaortodoxa.org.mx\/informacion\/wp-content\/uploads\/imagenoficialfinalpequenia--146x175.png 146w, http:\/\/iglesiaortodoxa.org.mx\/informacion\/wp-content\/uploads\/imagenoficialfinalpequenia--768x922.png 768w, http:\/\/iglesiaortodoxa.org.mx\/informacion\/wp-content\/uploads\/imagenoficialfinalpequenia--853x1024.png 853w, http:\/\/iglesiaortodoxa.org.mx\/informacion\/wp-content\/uploads\/imagenoficialfinalpequenia-.png 882w\" sizes=\"(max-width: 350px) 100vw, 350px\" \/><\/h2>\n<p><a style=\"color: #800000;\" href=\"https:\/\/www.iglesiaortodoxa.org.mx\/Categorias\/Biografia\"><\/p>\n<h3 style=\"text-align: center;\"><span style=\"color: #800000;\">Biograf\u00eda<\/span><\/h3>\n<p><\/a><br \/>\n<a style=\"color: #800000;\" href=\"https:\/\/www.iglesiaortodoxa.org.mx\/Categorias\/Consagracion\"><\/p>\n<h3 style=\"text-align: center;\"><span style=\"color: #800000;\">Consagraci\u00f3n Episcopal<\/span><\/h3>\n<p><\/a><br \/>\n<a style=\"color: #800000;\" href=\"https:\/\/www.iglesiaortodoxa.org.mx\/Categorias\/Entronizacion\"><\/p>\n<h3 style=\"text-align: center;\"><span style=\"color: #800000;\">Entronizaci\u00f3n<\/span><\/h3>\n<p><\/a><\/p>\n","protected":false},"excerpt":{"rendered":"<p>\u00a0S.E.R\u00a0Metropolita Ignacio Sama\u00e1n\u00a0 &nbsp; Biograf\u00eda Consagraci\u00f3n Episcopal Entronizaci\u00f3n<\/p>\n","protected":false},"author":13,"featured_media":0,"parent":0,"menu_order":3,"comment_status":"closed","ping_status":"closed","template":"","meta":{"_bbp_topic_count":0,"_bbp_reply_count":0,"_bbp_total_topic_count":0,"_bbp_total_reply_count":0,"_bbp_voice_count":0,"_bbp_anonymous_reply_count":0,"_bbp_topic_count_hidden":0,"_bbp_reply_count_hidden":0,"_bbp_forum_subforum_count":0},"_links":{"self":[{"href":"http:\/\/iglesiaortodoxa.org.mx\/informacion\/wp-json\/wp\/v2\/pages\/104"}],"collection":[{"href":"http:\/\/iglesiaortodoxa.org.mx\/informacion\/wp-json\/wp\/v2\/pages"}],"about":[{"href":"http:\/\/iglesiaortodoxa.org.mx\/informacion\/wp-json\/wp\/v2\/types\/page"}],"author":[{"embeddable":true,"href":"http:\/\/iglesiaortodoxa.org.mx\/informacion\/wp-json\/wp\/v2\/users\/13"}],"replies":[{"embeddable":true,"href":"http:\/\/iglesiaortodoxa.org.mx\/informacion\/wp-json\/wp\/v2\/comments?post=104"}],"version-history":[{"count":41,"href":"http:\/\/iglesiaortodoxa.org.mx\/informacion\/wp-json\/wp\/v2\/pages\/104\/revisions"}],"predecessor-version":[{"id":18096,"href":"http:\/\/iglesiaortodoxa.org.mx\/informacion\/wp-json\/wp\/v2\/pages\/104\/revisions\/18096"}],"wp:attachment":[{"href":"http:\/\/iglesiaortodoxa.org.mx\/informacion\/wp-json\/wp\/v2\/media?parent=104"}],"curies":[{"name":"wp","href":"https:\/\/api.w.org\/{rel}","templated":true}]}}